{"id":31033,"date":"2020-12-16T08:22:51","date_gmt":"2020-12-16T08:22:51","guid":{"rendered":"https:\/\/dragonsaigon.com\/?page_id=31033"},"modified":"2024-10-23T03:24:14","modified_gmt":"2024-10-23T03:24:14","slug":"%e7%89%a9%e4%bb%b6%e3%82%bf%e3%82%a4%e3%83%97%e6%83%85%e5%a0%b1%ef%bc%88%e3%83%a1%e3%83%aa%e3%83%83%e3%83%88%e3%83%bb%e3%83%87%e3%83%a1%e3%83%aa%e3%83%83%e3%83%88%ef%bc%89","status":"publish","type":"page","link":"https:\/\/dragonsaigon.com\/vi\/%e7%89%a9%e4%bb%b6%e3%82%bf%e3%82%a4%e3%83%97%e6%83%85%e5%a0%b1%ef%bc%88%e3%83%a1%e3%83%aa%e3%83%83%e3%83%88%e3%83%bb%e3%83%87%e3%83%a1%e3%83%aa%e3%83%83%e3%83%88%ef%bc%89\/","title":{"rendered":"Th\u00f4ng tin lo\u1ea1i c\u0103n h\u1ed9  (\u01b0u \u0111i\u1ec3m v\u00e0 nh\u01b0\u1ee3c \u0111i\u1ec3m)"},"content":{"rendered":"<p><\/p>\n<h3>&nbsp;<\/h3>\n<h2 class=\"title_following_optional\">C\u0103n h\u1ed9 d\u1ecbch v\u1ee5 l\u00e0 g\u00ec? &#8220;Nh\u00e0 chung c\u01b0 l\u00e0 g\u00ec?&#8221;<\/h2>\n<p class=\"text_title_following\">B\u1ea5t \u0111\u1ed9ng s\u1ea3n \u1edf Vi\u1ec7t Nam bao g\u1ed3m c\u0103n h\u1ed9 (chung c\u01b0), c\u0103n h\u1ed9 d\u1ecbch v\u1ee5 v\u00e0 nh\u00e0 li\u1ec1n k\u1ec1 (bi\u1ec7t th\u1ef1). Sau \u0111\u00e2y, ch\u00fang t\u00f4i s\u1ebd gi\u1edbi thi\u1ec7u nh\u1eefng c\u0103n h\u1ed9 (chung c\u01b0) v\u00e0 c\u0103n h\u1ed9 d\u1ecbch v\u1ee5 th\u01b0\u1eddng \u0111\u01b0\u1ee3c s\u1eed d\u1ee5ng l\u00e0m n\u01a1i \u1edf cho ng\u01b0\u1eddi Nh\u1eadt xa x\u1ee9.<\/p>\n<p>&nbsp;<\/p>\n<div class=\"tg_real_estate_ver2_nd\">\n<div class=\"tg_title_property_ver2\">\n<h4>C\u0103n h\u1ed9 (condo) l\u00e0 g\u00ec?<\/h4>\n<\/div>\n<div class=\"tg_textproperty_content_nd\">\n<figure><img loading=\"lazy\" class=\"aligncenter size-full wp-image-31915\" src=\"https:\/\/dragonsaigon.com\/wp-content\/uploads\/2021\/06\/image.jpg\" alt=\"\" width=\"924\" height=\"500\"\/><\/figure>\n<div class=\"textwidget\">\n<p>\u0110\u00f3 l\u00e0 t\u00e0i s\u1ea3n thu\u1ed9c s\u1edf h\u1eefu c\u1ee7a m\u1ed9t ch\u1ee7 s\u1edf h\u1eefu c\u00e1 nh\u00e2n cho t\u1eebng ph\u00f2ng, gi\u1ed1ng nh\u01b0 chung c\u01b0 \u1edf Nh\u1eadt B\u1ea3n.<br \/>\nV\u00ec m\u1ed7i c\u0103n ph\u00f2ng thu\u1ed9c s\u1edf h\u1eefu c\u1ee7a m\u1ed9t ch\u1ee7 nh\u00e2n kh\u00e1c nhau, d\u00f9 trong c\u00f9ng m\u1ed9t t\u00f2a nh\u00e0 nh\u01b0ng m\u1ed7i c\u0103n ph\u00f2ng l\u1ea1i c\u00f3 thi\u1ebft k\u1ebf n\u1ed9i th\u1ea5t kh\u00e1c nhau.<br \/>\nV\u00ec c\u00e1c ph\u00f2ng \u0111\u01b0\u1ee3c thi\u1ebft k\u1ebf theo s\u1edf th\u00edch c\u1ee7a ch\u1ee7 nh\u00e0 n\u00ean c\u00f3 th\u1ec3 c\u00f3 nh\u1eefng c\u0103n ph\u00f2ng v\u1edbi nh\u1eefng b\u1ee9c t\u01b0\u1eddng m\u00e0u l\u1eadp d\u1ecb, n\u1ed9i th\u1ea5t ki\u1ec3u Trung Hoa ho\u1eb7c nh\u1eefng c\u0103n ph\u00f2ng c\u00f3 thi\u1ebft k\u1ebf gi\u1ed1ng nh\u01b0 cung \u0111i\u1ec7n. Tuy nhi\u00ean, n\u1ebfu b\u1ea1n t\u00ecm \u0111\u01b0\u1ee3c ph\u00f2ng ph\u00f9 h\u1ee3p v\u1edbi s\u1edf th\u00edch c\u1ee7a m\u00ecnh th\u00ec \u0111\u00f3 c\u00f3 th\u1ec3 l\u00e0 m\u1ed9t l\u1ee3i th\u1ebf, nhi\u1ec1u chung c\u01b0 c\u00f3 gi\u00e1 h\u1ee3p l\u00fd v\u1edbi \u0111\u1ed9 tu\u1ed5i v\u00e0 di\u1ec7n t\u00edch nh\u01b0ng b\u1ea1n ph\u1ea3i c\u1ea9n th\u1eadn trong kh\u00e2u qu\u1ea3n l\u00fd. T\u1ea5t nhi\u00ean, n\u1ebfu b\u1ea1n t\u00ecm \u0111\u01b0\u1ee3c m\u1ed9t ng\u01b0\u1eddi ch\u1ee7 t\u1ed1t, b\u1ea1n c\u00f3 th\u1ec3 s\u1ebd tho\u1ea3i m\u00e1i h\u01a1n v\u1edbi vi\u1ec7c s\u1ed1ng trong m\u1ed9t c\u0103n h\u1ed9.<\/p>\n<p>&nbsp;<\/p>\n<\/div>\n<\/div>\n<\/div>\n<div class=\"tg_real_estate_ver2_nd\">\n<div class=\"tg_title_property_ver2\">\n<h4>Chung c\u01b0 [L\u1ee3i \u00edch]<\/h4>\n<\/div>\n<div class=\"tg_textproperty_content_nd\">\n<figure><img loading=\"lazy\" class=\"aligncenter size-full wp-image-31945\" src=\"https:\/\/dragonsaigon.com\/wp-content\/uploads\/2021\/07\/3-loai-hop-dong-nha-dat-khong-can-cong-chung.jpg\" alt=\"\" width=\"924\" height=\"300\"\/><\/figure>\n<div class=\"textwidget\">\n<p>&nbsp;<\/p>\n<p>Gi\u00e1 thu\u00ea r\u1ebb h\u01a1n c\u0103n h\u1ed9 d\u1ecbch v\u1ee5 c\u00f9ng h\u1ea1ng.<br \/>\nTi\u1ec1n \u0111i\u1ec7n n\u01b0\u1edbc do c\u00f4ng ty \u0111i\u1ec7n n\u01b0\u1edbc xu\u1ea5t h\u00f3a \u0111\u01a1n tr\u1ef1c ti\u1ebfp n\u00ean r\u1ebb h\u01a1n c\u0103n h\u1ed9 d\u1ecbch v\u1ee5.<br \/>\nPh\u00f2ng l\u1edbn h\u01a1n c\u0103n h\u1ed9 d\u1ecbch v\u1ee5 c\u00f3 gi\u00e1 thu\u00ea t\u01b0\u01a1ng t\u1ef1.<\/p>\n<p>&nbsp;<\/p>\n<\/div>\n<\/div>\n<\/div>\n<div class=\"tg_real_estate_ver2_nd\">\n<div class=\"tg_title_property_ver2\">\n<h4>Chung c\u01b0 [Nh\u01b0\u1ee3c \u0111i\u1ec3m]<\/h4>\n<\/div>\n<div class=\"tg_textproperty_content_nd\">\n<figure><img loading=\"lazy\" class=\"aligncenter size-full wp-image-31948\" src=\"https:\/\/dragonsaigon.com\/wp-content\/uploads\/2021\/07\/america-pestcontrol.jpg\" alt=\"\" width=\"900\" height=\"300\"\/><\/figure>\n<div class=\"textwidget\">\n<p>Trong tr\u01b0\u1eddng h\u1ee3p c\u00f3 v\u1ea5n \u0111\u1ec1, ch\u1ee7 s\u1edf h\u1eefu ph\u1ea3n h\u1ed3i ri\u00eang l\u1ebb v\u00e0 t\u00f9y thu\u1ed9c v\u00e0o ch\u1ee7 s\u1edf h\u1eefu, ph\u1ea3n h\u1ed3i c\u00f3 th\u1ec3 r\u1ea5t ch\u1eadm v\u00e0 b\u1ea1n c\u00f3 th\u1ec3 c\u1ea3m th\u1ea5y c\u0103ng th\u1eb3ng.<br \/>\nChi ph\u00ed s\u1eeda ch\u1eefa c\u0169ng c\u00f3 th\u1ec3 do b\u1ea1n ch\u1ecbu tr\u00e1ch nhi\u1ec7m.<br \/>\nH\u00f3a \u0111\u01a1n h\u00e0ng th\u00e1ng th\u01b0\u1eddng kh\u00f4ng \u0111\u01b0\u1ee3c ph\u00e1t h\u00e0nh.<br \/>\nC\u00e1c c\u00f4ng vi\u1ec7c b\u1ea3o tr\u00ec nh\u01b0 ph\u00f2ng tr\u1eeb s\u00e2u b\u1ec7nh (di\u1ec7t tr\u1eeb s\u00e2u b\u1ec7nh), n\u1ea1p gas \u0111i\u1ec1u h\u00f2a, thay b\u00f3ng \u0111\u00e8n v\u1ec1 c\u01a1 b\u1ea3n l\u00e0 do b\u1ea1n t\u1ef1 chi tr\u1ea3.<br \/>\nNgo\u00e0i ra c\u00f2n c\u00f3 m\u1ed9t v\u1ea5n \u0111\u1ec1 l\u00e0 ph\u00f2ng \u0111\u01b0\u1ee3c ki\u1ec3m tra chi ti\u1ebft khi d\u1ecdn ra v\u00e0 ti\u1ec1n \u0111\u1eb7t c\u1ecdc kh\u00f4ng \u0111\u01b0\u1ee3c tr\u1ea3 l\u1ea1i \u0111\u1ea7y \u0111\u1ee7. T\u1ed1t h\u01a1n hay t\u1ec7 h\u01a1n, n\u00f3 ph\u1ee5 thu\u1ed9c v\u00e0o ch\u1ee7 s\u1edf h\u1eefu c\u0103n h\u1ed9.<\/p>\n<p>&nbsp;<\/p>\n<\/div>\n<\/div>\n<\/div>\n<div class=\"tg_real_estate_ver2_nd\">\n<div class=\"tg_title_property_ver2\">\n<h4>C\u0103n h\u1ed9 d\u1ecbch v\u1ee5 l\u00e0 g\u00ec?<\/h4>\n<\/div>\n<div class=\"tg_textproperty_content_nd\">\n<figure><img loading=\"lazy\" class=\"aligncenter size-full wp-image-31917\" src=\"https:\/\/dragonsaigon.com\/wp-content\/uploads\/2021\/06\/thue-nguoi-giup-viec-ha-noi-2.jpg\" alt=\"\" width=\"924\" height=\"367\"\/><\/figure>\n<div class=\"textwidget\">\n<p>C\u0103n h\u1ed9 d\u1ecbch v\u1ee5 l\u00e0 c\u0103n h\u1ed9 n\u01a1i cung c\u1ea5p d\u1ecbch v\u1ee5 gi\u00fap vi\u1ec7c (d\u1ecdn d\u1eb9p v\u00e0 d\u1ecdn gi\u01b0\u1eddng) ngo\u00e0i \u0111\u1ed3 n\u1ed9i th\u1ea5t v\u00e0 thi\u1ebft b\u1ecb gia d\u1ee5ng.<br \/>\nT\u00f4i ngh\u0129 th\u1eadt d\u1ec5 d\u00e0ng \u0111\u1ec3 h\u00ecnh dung m\u1ed9t kh\u00e1ch s\u1ea1n c\u00f3 \u0111\u1ea7y \u0111\u1ee7 \u0111\u1ed3 \u0111\u1ea1c v\u00e0 d\u1ee5ng c\u1ee5 n\u1ea5u n\u01b0\u1edbng.<br \/>\nC\u00f3 cung c\u1ea5p d\u1ecbch v\u1ee5 gi\u00fap vi\u1ec7c n\u00ean d\u00e0nh cho nh\u1eefng ng\u01b0\u1eddi \u0111\u1ed9c th\u00e2n kh\u00f4ng th\u00edch d\u1ecdn d\u1eb9p.<br \/>\nC\u0103n h\u1ed9 d\u1ecbch v\u1ee5 c\u00f3 \u0111\u1eb7c \u0111i\u1ec3m l\u00e0 qu\u1ea3n l\u00fd t\u1ed1t v\u00e0 \u00edt g\u1eb7p r\u1eafc r\u1ed1i t\u1eeb vi\u1ec7c d\u1ecdn \u0111\u1ebfn v\u00e0 d\u1ecdn ra .<br \/>\nC\u00e1c thi\u1ebft b\u1ecb gia d\u1ee5ng nh\u01b0 m\u00e1y gi\u1eb7t, ti vi v\u00e0 m\u00e1y s\u1ea5y t\u00f3c c\u0169ng nh\u01b0 b\u1ed9 \u0111\u1ed3 gi\u01b0\u1eddng, kh\u0103n tr\u1ea3i gi\u01b0\u1eddng, b\u1ed9 \u0111\u1ed3 \u0103n, d\u1ee5ng c\u1ee5 n\u1ea5u \u0103n, v.v. \u0111\u1ec1u c\u00f3 s\u1eb5n,<br \/>\nv\u00ec v\u1eady b\u1ea1n c\u00f3 th\u1ec3 b\u1eaft \u0111\u1ea7u s\u1ed1ng ngay l\u1eadp t\u1ee9c.<br \/>\nGi\u00e1 thu\u00ea cao h\u01a1n chung c\u01b0, c\u0103n h\u1ed9 c\u00f9ng h\u1ea1ng, nh\u01b0ng t\u00f9y theo m\u00f9a m\u00e0 c\u00f3 gi\u00e1 khuy\u1ebfn m\u1ea1i n\u00ean b\u1ea1n c\u00f3 th\u1ec3 t\u00ecm \u0111\u01b0\u1ee3c m\u1ed1i t\u1ed1t.<br \/>\n\u0110\u00e2y l\u00e0 lo\u1ea1i h\u00ecnh b\u1ea5t \u0111\u1ed9ng s\u1ea3n ph\u1ed5 bi\u1ebfn \u0111\u1eb7c bi\u1ec7t d\u00e0nh cho nh\u1eefng ai s\u1eafp ra \u1edf ri\u00eang m\u00e0 kh\u00f4ng g\u1eb7p kh\u00f3 kh\u0103n g\u00ec v\u00e0 c\u00f3 th\u1ec3 an t\u00e2m sinh s\u1ed1ng ngay l\u1eadp t\u1ee9c.<\/p>\n<p>&nbsp;<\/p>\n<\/div>\n<\/div>\n<\/div>\n<div class=\"tg_real_estate_ver2_nd\">\n<div class=\"tg_title_property_ver2\">\n<h4>C\u0103n h\u1ed9 d\u1ecbch v\u1ee5 [L\u1ee3i \u00edch]<\/h4>\n<\/div>\n<div class=\"tg_textproperty_content_nd\">\n<figure><img loading=\"lazy\" class=\"aligncenter size-full wp-image-31950\" src=\"https:\/\/dragonsaigon.com\/wp-content\/uploads\/2021\/07\/Vali-keo-cho-be-1.jpg\" alt=\"\" width=\"900\" height=\"300\"\/><\/figure>\n<div class=\"textwidget\">\n<p>Nh\u00e2n vi\u00ean lu\u00f4n t\u00fac tr\u1ef1c t\u1ea1i qu\u1ea7y l\u1ec5 t\u00e2n, v\u00ec v\u1eady b\u1ea1n c\u00f3 th\u1ec3 c\u1ea3m th\u1ea5y tho\u1ea3i m\u00e1i ngay c\u1ea3 trong tr\u01b0\u1eddng h\u1ee3p c\u00f3 s\u1ef1 c\u1ed1.<br \/>\nNgo\u00e0i n\u1ed9i th\u1ea5t, \u0111\u1ed3 d\u00f9ng n\u1ea5u n\u01b0\u1edbng, ch\u0103n ga g\u1ed1i \u0111\u1ec7m c\u0169ng c\u00f3 s\u1eb5n n\u00ean b\u1ea1n c\u00f3 th\u1ec3 b\u1eaft \u0111\u1ea7u sinh ho\u1ea1t ngay t\u1eeb ng\u00e0y d\u1ecdn \u0111\u1ebfn ch\u1ec9 v\u1edbi m\u1ed9t chi\u1ebfc vali.<br \/>\nD\u1ecbch v\u1ee5 gi\u00fap vi\u1ec7c (d\u1ecdn ph\u00f2ng v\u00e0 thay b\u1ed9 kh\u0103n tr\u1ea3i gi\u01b0\u1eddng) \u0111\u00e3 \u0111\u01b0\u1ee3c bao g\u1ed3m trong ti\u1ec1n thu\u00ea. D\u1ecbch v\u1ee5 gi\u1eb7t l\u00e0 \u0111\u01b0\u1ee3c bao g\u1ed3m t\u00f9y thu\u1ed9c v\u00e0o t\u00e0i s\u1ea3n.<br \/>\nH\u00f3a \u0111\u01a1n \u0111i\u1ec7n, n\u01b0\u1edbc v\u00e0 internet th\u01b0\u1eddng \u0111\u01b0\u1ee3c bao g\u1ed3m trong ti\u1ec1n thu\u00ea nh\u00e0.<\/p>\n<p>&nbsp;<\/p>\n<\/div>\n<\/div>\n<\/div>\n<div class=\"tg_real_estate_ver2_nd\">\n<div class=\"tg_title_property_ver2\">\n<h4>C\u0103n h\u1ed9 d\u1ecbch v\u1ee5 [Nh\u01b0\u1ee3c \u0111i\u1ec3m]<\/h4>\n<\/div>\n<div class=\"tg_textproperty_content_nd\">\n<figure><img loading=\"lazy\" class=\"aligncenter size-full wp-image-31949\" src=\"https:\/\/dragonsaigon.com\/wp-content\/uploads\/2021\/07\/thebank_thebank_thanhtoanbangthenoidiaatmdadangkyinternetbankingvietcombank_1522047337min_1560823675.png\" alt=\"\" width=\"900\" height=\"300\"\/><\/figure>\n<div class=\"textwidget\">\n<p>Ng\u01b0\u1eddi gi\u00fap vi\u1ec7c s\u1ebd \u0111\u1ebfn d\u1ecdn ph\u00f2ng khi b\u1ea1n v\u1eafng nh\u00e0, v\u00ec v\u1eady b\u1ea1n c\u1ea7n c\u1ea9n th\u1eadn trong vi\u1ec7c qu\u1ea3n l\u00fd \u0111\u1ed3 \u0111\u1ea1c v\u00e0 ti\u1ec1n m\u1eb7t c\u1ee7a m\u00ecnh.<br \/>\n\u0110\u00f4i khi n\u00f3 \u0111\u01b0\u1ee3c g\u1eafn v\u1edbi m\u1ed9t kh\u00e1ch s\u1ea1n, c\u00f3 th\u1ec3 khi\u1ebfn b\u1ea1n c\u1ea3m th\u1ea5y kh\u00f4ng tho\u1ea3i m\u00e1i<br \/>\nCh\u1ed7 \u1edf r\u1ebb c\u00f3 th\u1ec3 kh\u00f4ng c\u00f3 m\u00e1y gi\u1eb7t trong ph\u00f2ng.<br \/>\nN\u1ebfu thanh to\u00e1n ri\u00eang ti\u1ec1n \u0111i\u1ec7n th\u00ec \u0111\u01a1n gi\u00e1 ti\u1ec1n \u0111i\u1ec7n cao.<\/p>\n<\/div>\n<\/div>\n<\/div>\n<p><\/p>","protected":false},"excerpt":{"rendered":"<p>&nbsp; C\u0103n h\u1ed9 d\u1ecbch v\u1ee5 l\u00e0 g\u00ec? &#8220;Nh\u00e0 chung c\u01b0 l\u00e0 g\u00ec?&#8221; B\u1ea5t \u0111\u1ed9ng s\u1ea3n \u1edf Vi\u1ec7t Nam bao g\u1ed3m c\u0103n h\u1ed9 (chung c\u01b0), c\u0103n h\u1ed9 d\u1ecbch v\u1ee5 v\u00e0 nh\u00e0 li\u1ec1n k\u1ec1 (bi\u1ec7t th\u1ef1). Sau \u0111\u00e2y, ch\u00fang t\u00f4i s\u1ebd gi\u1edbi thi\u1ec7u nh\u1eefng c\u0103n h\u1ed9 (chung c\u01b0) v\u00e0 c\u0103n h\u1ed9 d\u1ecbch v\u1ee5 th\u01b0\u1eddng \u0111\u01b0\u1ee3c s\u1eed d\u1ee5ng [&hellip;]<\/p>\n","protected":false},"author":1,"featured_media":0,"parent":0,"menu_order":0,"comment_status":"closed","ping_status":"closed","template":"","meta":[],"_links":{"self":[{"href":"https:\/\/dragonsaigon.com\/vi\/wp-json\/wp\/v2\/pages\/31033"}],"collection":[{"href":"https:\/\/dragonsaigon.com\/vi\/wp-json\/wp\/v2\/pages"}],"about":[{"href":"https:\/\/dragonsaigon.com\/vi\/wp-json\/wp\/v2\/types\/page"}],"author":[{"embeddable":true,"href":"https:\/\/dragonsaigon.com\/vi\/wp-json\/wp\/v2\/users\/1"}],"replies":[{"embeddable":true,"href":"https:\/\/dragonsaigon.com\/vi\/wp-json\/wp\/v2\/comments?post=31033"}],"version-history":[{"count":37,"href":"https:\/\/dragonsaigon.com\/vi\/wp-json\/wp\/v2\/pages\/31033\/revisions"}],"predecessor-version":[{"id":41303,"href":"https:\/\/dragonsaigon.com\/vi\/wp-json\/wp\/v2\/pages\/31033\/revisions\/41303"}],"wp:attachment":[{"href":"https:\/\/dragonsaigon.com\/vi\/wp-json\/wp\/v2\/media?parent=31033"}],"curies":[{"name":"wp","href":"https:\/\/api.w.org\/{rel}","templated":true}]}}