{"id":31235,"date":"2021-01-06T08:52:54","date_gmt":"2021-01-06T08:52:54","guid":{"rendered":"https:\/\/dragonsaigon.com\/?page_id=31235"},"modified":"2024-12-14T10:11:40","modified_gmt":"2024-12-14T10:11:40","slug":"area-information-hcmc","status":"publish","type":"page","link":"https:\/\/dragonsaigon.com\/vi\/area-information-hcmc\/","title":{"rendered":"Th\u00f4ng tin khu v\u1ef1c- TP HCM"},"content":{"rendered":"<p>&nbsp;<\/p>\n<div class=\"wrap_hd_bds_ver1\">\n<div class=\"page_hcm_area\">\n<div class=\"map_hcm_area\">\n<figure><img src=\"https:\/\/dragonsaigon.com\/wp-content\/uploads\/2021\/01\/xam-bg.png\"\/><\/figure>\n<p>Ch\u00fang t\u00f4i s\u1ebd gi\u1edbi thi\u1ec7u t\u1eebng qu\u1eadn c\u1ee7a TP.HCM \u0111\u1ec3 c\u00e1c b\u1ea1n tham kh\u1ea3o khi ch\u1ecdn c\u0103n h\u1ed9 t\u1ea1i TP.HCM.<\/p>\n<\/div>\n<div class=\"list_area_item\">\n<div class=\"item_hcm_area\">\n<h4>Q.1<\/h4>\n<div class=\"textwidget\">\n<div class=\"area_hcm_img\">\n<figure><img loading=\"lazy\" class=\"aligncenter size-full wp-image-32279\" src=\"https:\/\/dragonsaigon.com\/wp-content\/uploads\/2021\/09\/image001.png\" alt=\"\" width=\"472\" height=\"281\" srcset=\"https:\/\/dragonsaigon.com\/wp-content\/uploads\/2021\/09\/image001.png 472w, https:\/\/dragonsaigon.com\/wp-content\/uploads\/2021\/09\/image001-300x179.png 300w\" sizes=\"(max-width: 472px) 100vw, 472px\" \/><\/figure>\n<div class=\"textwg_inner\">\n<p>L\u00e0 qu\u1eadn trung t\u00e2m c\u1ee7a th\u00e0nh ph\u1ed1 H\u1ed3 Ch\u00ed Minh. \u0110\u00e2y l\u00e0 m\u1ed9t trong nh\u1eefng qu\u1eadn thu\u1eadn ti\u1ec7n nh\u1ea5t \u1edf Th\u00e0nh ph\u1ed1 H\u1ed3 Ch\u00ed Minh \u0111\u1ec3 sinh s\u1ed1ng, v\u1edbi nhi\u1ec1u c\u1eeda h\u00e0ng b\u00e1ch h\u00f3a, si\u00eau th\u1ecb v\u00e0 nh\u00e0 h\u00e0ng. Ngo\u00e0i ra c\u00f2n c\u00f3 c\u00e1c ph\u00f2ng kh\u00e1m v\u00e0 nha s\u0129 Nh\u1eadt B\u1ea3n v\u00e0 n\u01b0\u1edbc ngo\u00e0i, thu\u1eadn ti\u1ec7n trong tr\u01b0\u1eddng h\u1ee3p kh\u1ea9n c\u1ea5p.\u3000&#8221;\u0110\u01b0\u1eddng L\u00ea Th\u00e1nh T\u00f4n&#8221;, \u0111\u01b0\u1ee3c cho l\u00e0 khu ph\u1ed1 c\u1ee7a ng\u01b0\u1eddi Nh\u1eadt, c\u0169ng n\u1eb1m \u1edf Qu\u1eadn 1.<\/p>\n<\/div>\n<\/div>\n<div class=\"tb_info_itemhcm\">\n<table>\n<tbody>\n<tr>\n<td>Major properties\uff1a<\/td>\n<td>SOMERSET CHANCELLAR COURT,SOMERSET HO CHI MINH CITY ,SAIGON SKY GARDEN,INTERCONTINENTAL,SEDONA SUITE, NORFOLK MANSION, NIKKO HOTEL, GOLDEN RIVER, THE MARQ<\/td>\n<\/tr>\n<tr>\n<td>Major spot,shop<\/td>\n<td>Takashimaya, Vincom Center<\/td>\n<\/tr>\n<tr>\n<td>ti\u1ec7n \u00edch cu\u1ed9c s\u1ed1ng\uff1a<\/td>\n<td>Very Good<\/td>\n<\/tr>\n<tr>\n<td>t\u1ef7 l\u1ec7 c\u01b0 tr\u00fa&nbsp; ng\u01b0\u1eddi n\u01b0\u1edbc ngo\u00e0i\uff1a<\/td>\n<td>Very High<\/td>\n<\/tr>\n<tr>\n<td>ti\u1ec7n \u00edch gia \u0111\u00ecnh\uff1a<\/td>\n<td>Very Good<\/td>\n<\/tr>\n<\/tbody>\n<\/table>\n<\/div>\n<\/div>\n<\/div>\n<div class=\"item_hcm_area\">\n<h4>Q.2<\/h4>\n<div class=\"textwidget\">\n<div class=\"area_hcm_img\">\n<figure><img loading=\"lazy\" class=\"aligncenter size-full wp-image-32280\" src=\"https:\/\/dragonsaigon.com\/wp-content\/uploads\/2021\/09\/image002.png\" alt=\"\" width=\"472\" height=\"265\" srcset=\"https:\/\/dragonsaigon.com\/wp-content\/uploads\/2021\/09\/image002.png 472w, https:\/\/dragonsaigon.com\/wp-content\/uploads\/2021\/09\/image002-300x168.png 300w\" sizes=\"(max-width: 472px) 100vw, 472px\" \/><\/figure>\n<div class=\"textwg_inner\">\n<p>C\u00e1ch trung t\u00e2m kho\u1ea3ng 20 ph\u00fat \u0111i xe. C\u00f3 nhi\u1ec1u tr\u01b0\u1eddng qu\u1ed1c t\u1ebf v\u00e0 nhi\u1ec1u d\u00e2n c\u01b0 ph\u01b0\u01a1ng T\u00e2y. G\u1ea7n \u0111\u00e2y, s\u1ed1 l\u01b0\u1ee3ng c\u01b0 d\u00e2n Nh\u1eadt B\u1ea3n \u0111\u00e3 t\u0103ng l\u00ean. &#8220;C\u00f3 r\u1ea5t nhi\u1ec1u nh\u00e0 h\u00e0ng v\u00e0 c\u1eeda h\u00e0ng phong c\u00e1ch.&#8221;<\/p>\n<\/div>\n<\/div>\n<div class=\"tb_info_itemhcm\">\n<table>\n<tbody>\n<tr>\n<td>Major properties\uff1a<\/td>\n<td>Estella, The Vista, Estella Heights, Thao Dien Pearl, Somerset Vista. RiverSide ,Diamond Island, Gateway Thao Dien, Q2 Thao Dien, Nassim.<\/td>\n<\/tr>\n<tr>\n<td>\n<pre id=\"tw-target-text\" class=\"tw-data-text tw-text-large tw-ta\" dir=\"ltr\" data-placeholder=\"\u7ffb\u8a33\"><span class=\"Y2IQFc\" lang=\"vi\">Tr\u01b0\u1eddng:<\/span><\/pre>\n<\/td>\n<td>INTERNATIONAL SCHOOL HO CHI MINH CITY,BRTISH INTERNATIONAL SCHOOL,AUSTRALIAN INTERNATIONAL SCHOOL<\/td>\n<\/tr>\n<tr>\n<td>ti\u1ec7n \u00edch cu\u1ed9c s\u1ed1ng\uff1a<\/td>\n<td>&nbsp;Good<\/td>\n<\/tr>\n<tr>\n<td>t\u1ef7 l\u1ec7 c\u01b0 tr\u00fa&nbsp; ng\u01b0\u1eddi n\u01b0\u1edbc ngo\u00e0i\uff1a<\/td>\n<td>Very High<\/td>\n<\/tr>\n<tr>\n<td>ti\u1ec7n \u00edch gia \u0111\u00ecnh\uff1a<\/td>\n<td>Good<\/td>\n<\/tr>\n<\/tbody>\n<\/table>\n<\/div>\n<\/div>\n<\/div>\n<div class=\"item_hcm_area\">\n<h4>Q.3<\/h4>\n<div class=\"textwidget\">\n<div class=\"area_hcm_img\">\n<figure><img loading=\"lazy\" class=\"aligncenter size-full wp-image-32289\" src=\"https:\/\/dragonsaigon.com\/wp-content\/uploads\/2021\/09\/image003.png\" alt=\"\" width=\"472\" height=\"294\" srcset=\"https:\/\/dragonsaigon.com\/wp-content\/uploads\/2021\/09\/image003.png?v=1631089109 472w, https:\/\/dragonsaigon.com\/wp-content\/uploads\/2021\/09\/image003-300x187.png?v=1631089109 300w\" sizes=\"(max-width: 472px) 100vw, 472px\" \/><\/figure>\n<div class=\"textwg_inner\">\n<p>N\u1eb1m ngay trung t\u00e2m th\u00e0nh ph\u1ed1 H\u1ed3 Ch\u00ed Minh, thu\u1eadn ti\u1ec7n nh\u01b0 qu\u1eadn 1. C\u00e1ch trung t\u00e2m TP.HCM kho\u1ea3ng 10 ph\u00fat \u0111i xe, t\u00f9y v\u1ecb tr\u00ed m\u00e0 l\u00e0 khu v\u1ef1c thu\u1eadn l\u1ee3i h\u01a1n Qu\u1eadn 1.<\/p>\n<p>Gi\u00e1 thu\u00ea r\u1ebb h\u01a1n Qu\u1eadn 1 m\u1ed9t ch\u00fat.<\/p>\n<\/div>\n<\/div>\n<div class=\"tb_info_itemhcm\">\n<table>\n<tbody>\n<tr>\n<td>Major properties\uff1a<\/td>\n<td>SHERWOOD RESIDENCE, INDOCHINE PARK TOWER, SILA, SAIGON PAVILLON, SAIGON COURT, Sherwood suite<\/td>\n<\/tr>\n<tr>\n<td><span class=\"Y2IQFc\" lang=\"vi\">Tr\u01b0\u1eddng:<\/span><\/td>\n<td>SAIGON LANGUAGE SCHOOL<\/td>\n<\/tr>\n<tr>\n<td>ti\u1ec7n \u00edch cu\u1ed9c s\u1ed1ng\uff1a<\/td>\n<td>Very Good<\/td>\n<\/tr>\n<tr>\n<td>t\u1ef7 l\u1ec7 c\u01b0 tr\u00fa&nbsp; ng\u01b0\u1eddi n\u01b0\u1edbc ngo\u00e0i\uff1a<\/td>\n<td>VEry High<\/td>\n<\/tr>\n<tr>\n<td>ti\u1ec7n \u00edch gia \u0111\u00ecnh\uff1a<\/td>\n<td>VEy Good<\/td>\n<\/tr>\n<\/tbody>\n<\/table>\n<\/div>\n<\/div>\n<\/div>\n<div class=\"item_hcm_area\">\n<h4>Q.4<\/h4>\n<div class=\"textwidget\">\n<div class=\"area_hcm_img\">\n<figure><img loading=\"lazy\" class=\"aligncenter size-full wp-image-32281\" src=\"https:\/\/dragonsaigon.com\/wp-content\/uploads\/2021\/09\/image004.png\" alt=\"\" width=\"472\" height=\"354\" srcset=\"https:\/\/dragonsaigon.com\/wp-content\/uploads\/2021\/09\/image004.png 472w, https:\/\/dragonsaigon.com\/wp-content\/uploads\/2021\/09\/image004-300x225.png 300w\" sizes=\"(max-width: 472px) 100vw, 472px\" \/><\/figure>\n<div class=\"textwg_inner\">\n<p>N\u1eb1m ngay c\u1ea1nh Q.1 v\u00e0 t\u01b0\u01a1ng \u0111\u1ed1i g\u1ea7n trung t\u00e2m.<\/p>\n<\/div>\n<\/div>\n<div class=\"tb_info_itemhcm\">\n<table style=\"width: 509px;\">\n<tbody>\n<tr>\n<td style=\"width: 144.2px;\">Major properties:<\/td>\n<td style=\"width: 349.8px;\">TRESOR, ICON56,RIVER GATE, Saigon Royal<\/td>\n<\/tr>\n<tr>\n<td style=\"width: 144.2px;\">ti\u1ec7n \u00edch cu\u1ed9c s\u1ed1ng\uff1a<\/td>\n<td style=\"width: 349.8px;\">not really good<\/td>\n<\/tr>\n<tr>\n<td style=\"width: 144.2px;\">t\u1ef7 l\u1ec7 c\u01b0 tr\u00fa&nbsp; ng\u01b0\u1eddi n\u01b0\u1edbc ngo\u00e0i\uff1a<\/td>\n<td style=\"width: 349.8px;\">few<\/td>\n<\/tr>\n<tr>\n<td style=\"width: 144.2px;\">ti\u1ec7n \u00edch gia \u0111\u00ecnh\uff1a<\/td>\n<td style=\"width: 349.8px;\">not really good<\/td>\n<\/tr>\n<\/tbody>\n<\/table>\n<\/div>\n<\/div>\n<\/div>\n<div class=\"item_hcm_area\">\n<h4>Q.7<\/h4>\n<div class=\"textwidget\">\n<div class=\"area_hcm_img\">\n<figure><img loading=\"lazy\" class=\"aligncenter size-full wp-image-32282\" src=\"https:\/\/dragonsaigon.com\/wp-content\/uploads\/2021\/09\/image005.png\" alt=\"\" width=\"472\" height=\"246\" srcset=\"https:\/\/dragonsaigon.com\/wp-content\/uploads\/2021\/09\/image005.png 472w, https:\/\/dragonsaigon.com\/wp-content\/uploads\/2021\/09\/image005-300x156.png 300w\" sizes=\"(max-width: 472px) 100vw, 472px\" \/><\/figure>\n<div class=\"textwg_inner\">\n<p>C\u00f3 m\u1ed9t khu d\u00e2n c\u01b0 m\u1edbi n\u1ed5i sang tr\u1ecdng t\u00ean l\u00e0 PH\u00da M\u1ef8 H\u01afNG \u1edf khu v\u1ef1c c\u00e1ch trung t\u00e2m kho\u1ea3ng 30 ph\u00fat \u0111i xe. Xung quanh c\u00f3 nhi\u1ec1u c\u00e2y xanh, v\u1ec9a h\u00e8 r\u1ed9ng n\u00ean cu\u1ed9c s\u1ed1ng d\u1ec5 d\u00e0ng.<\/p>\n<p>Ngo\u00e0i ra c\u00f2n c\u00f3 m\u1ed9t tr\u01b0\u1eddng h\u1ecdc Nh\u1eadt.<\/p>\n<\/div>\n<\/div>\n<div class=\"tb_info_itemhcm\">\n<table>\n<tbody>\n<tr>\n<td>Major properties:<\/td>\n<td>OAKWOOD,CRESSENT RESIDENCE,WATER FRONT,RICHLANE, SCENIC VALLEY,GREEN VALEY,MIDTOWN,RIVER PARK\u2026.<\/td>\n<\/tr>\n<tr>\n<td>Major Spot,shop:<\/td>\n<td>Crescent mall, Vivo city&#8230;<\/td>\n<\/tr>\n<tr>\n<td>ti\u1ec7n \u00edch cu\u1ed9c s\u1ed1ng\uff1a<\/td>\n<td>Good<\/td>\n<\/tr>\n<tr>\n<td>t\u1ef7 l\u1ec7 c\u01b0 tr\u00fa&nbsp; ng\u01b0\u1eddi n\u01b0\u1edbc ngo\u00e0i\uff1a<\/td>\n<td>High<\/td>\n<\/tr>\n<tr>\n<td>ti\u1ec7n \u00edch gia \u0111\u00ecnh\uff1a<\/td>\n<td>Very Good<\/td>\n<\/tr>\n<\/tbody>\n<\/table>\n<\/div>\n<\/div>\n<\/div>\n<div class=\"item_hcm_area\">\n<h4>Q.BINH THANH<\/h4>\n<div class=\"textwidget\">\n<div class=\"area_hcm_img\">\n<figure><img loading=\"lazy\" class=\"aligncenter size-full wp-image-32283\" src=\"https:\/\/dragonsaigon.com\/wp-content\/uploads\/2021\/09\/image006.png\" alt=\"\" width=\"472\" height=\"266\" srcset=\"https:\/\/dragonsaigon.com\/wp-content\/uploads\/2021\/09\/image006.png 472w, https:\/\/dragonsaigon.com\/wp-content\/uploads\/2021\/09\/image006-300x169.png 300w\" sizes=\"(max-width: 472px) 100vw, 472px\" \/><\/figure>\n<div class=\"textwg_inner\">\n<p>L\u00e0 khu v\u1ef1c c\u00e1ch trung t\u00e2m kho\u1ea3ng 5 ph\u00fat \u0111i xe. C\u0103n h\u1ed9 VINHOMES CENTRAL PARK \u0111\u1eb7c bi\u1ec7t \u0111\u01b0\u1ee3c \u01b0a chu\u1ed9ng, c\u00e1ch \u0111\u01b0\u1eddng L\u00ea Th\u00e1nh T\u00f4n khu ph\u1ed1 Nh\u1eadt kho\u1ea3ng 5 ph\u00fat \u0111i xe. \u0110\u00e2y l\u00e0 m\u1ed9t khu v\u1ef1c ph\u1ed5 bi\u1ebfn g\u1ea7n \u0111\u00e2y v\u00ec b\u1ea1n c\u00f3 th\u1ec3 thu\u00ea m\u1ed9t c\u0103n h\u1ed9 s\u1ea1ch s\u1ebd v\u1edbi gi\u00e1 th\u1ea5p h\u01a1n so v\u1edbi Qu\u1eadn 1. \u0110\u01b0\u1eddng Ph\u1ea1m Vi\u1ec7t Trang, n\u01a1i \u0111\u01b0\u1ee3c cho l\u00e0 ph\u1ed1 Nh\u1eadt th\u1ee9 2, c\u0169ng n\u1eb1m \u1edf qu\u1eadn B\u00ecnh Th\u1ea1nh.<\/p>\n<\/div>\n<\/div>\n<div class=\"tb_info_itemhcm\">\n<table>\n<tbody>\n<tr>\n<td>Major properties:<\/td>\n<td>VINHOMES CENTRAL PARK,CITY GARDEN,SAIGON PEARL, THE MANOR,CANTAVIL HOAN CAU, Pearl Plaza, WILTON TOWER,Sunwah Pearl, Opal Tower<\/td>\n<\/tr>\n<tr>\n<td>Major Spot,shop:<\/td>\n<td>LANDAMARK81, VINHOMES CENTRAL PARK<\/td>\n<\/tr>\n<tr>\n<td>ti\u1ec7n \u00edch cu\u1ed9c s\u1ed1ng\uff1a<\/td>\n<td>Good<\/td>\n<\/tr>\n<tr>\n<td>t\u1ef7 l\u1ec7 c\u01b0 tr\u00fa&nbsp; ng\u01b0\u1eddi n\u01b0\u1edbc ngo\u00e0i\uff1a<\/td>\n<td>Very High<\/td>\n<\/tr>\n<tr>\n<td>ti\u1ec7n \u00edch gia \u0111\u00ecnh\uff1a<\/td>\n<td>Good<\/td>\n<\/tr>\n<\/tbody>\n<\/table>\n<p>&nbsp;<\/p>\n<\/div>\n<\/div>\n<\/div>\n<\/div>\n<p><!-- list_area_item --><\/p>\n<\/div>\n<\/div>\n<p><\/p>","protected":false},"excerpt":{"rendered":"<p>&nbsp; Ch\u00fang t\u00f4i s\u1ebd gi\u1edbi thi\u1ec7u t\u1eebng qu\u1eadn c\u1ee7a TP.HCM \u0111\u1ec3 c\u00e1c b\u1ea1n tham kh\u1ea3o khi ch\u1ecdn c\u0103n h\u1ed9 t\u1ea1i TP.HCM. Q.1 L\u00e0 qu\u1eadn trung t\u00e2m c\u1ee7a th\u00e0nh ph\u1ed1 H\u1ed3 Ch\u00ed Minh. \u0110\u00e2y l\u00e0 m\u1ed9t trong nh\u1eefng qu\u1eadn thu\u1eadn ti\u1ec7n nh\u1ea5t \u1edf Th\u00e0nh ph\u1ed1 H\u1ed3 Ch\u00ed Minh \u0111\u1ec3 sinh s\u1ed1ng, v\u1edbi nhi\u1ec1u c\u1eeda h\u00e0ng b\u00e1ch [&hellip;]<\/p>\n","protected":false},"author":1,"featured_media":0,"parent":0,"menu_order":0,"comment_status":"closed","ping_status":"closed","template":"","meta":[],"_links":{"self":[{"href":"https:\/\/dragonsaigon.com\/vi\/wp-json\/wp\/v2\/pages\/31235"}],"collection":[{"href":"https:\/\/dragonsaigon.com\/vi\/wp-json\/wp\/v2\/pages"}],"about":[{"href":"https:\/\/dragonsaigon.com\/vi\/wp-json\/wp\/v2\/types\/page"}],"author":[{"embeddable":true,"href":"https:\/\/dragonsaigon.com\/vi\/wp-json\/wp\/v2\/users\/1"}],"replies":[{"embeddable":true,"href":"https:\/\/dragonsaigon.com\/vi\/wp-json\/wp\/v2\/comments?post=31235"}],"version-history":[{"count":89,"href":"https:\/\/dragonsaigon.com\/vi\/wp-json\/wp\/v2\/pages\/31235\/revisions"}],"predecessor-version":[{"id":41451,"href":"https:\/\/dragonsaigon.com\/vi\/wp-json\/wp\/v2\/pages\/31235\/revisions\/41451"}],"wp:attachment":[{"href":"https:\/\/dragonsaigon.com\/vi\/wp-json\/wp\/v2\/media?parent=31235"}],"curies":[{"name":"wp","href":"https:\/\/api.w.org\/{rel}","templated":true}]}}