{"id":31751,"date":"2021-06-16T04:37:01","date_gmt":"2021-06-16T04:37:01","guid":{"rendered":"https:\/\/dragonsaigon.com\/?page_id=31751"},"modified":"2023-08-23T03:07:01","modified_gmt":"2023-08-23T03:07:01","slug":"%e3%83%89%e3%83%a9%e3%82%b4%e3%83%b3%e3%83%8f%e3%82%a6%e3%82%b8%e3%83%b3%e3%82%b0%e8%87%aa%e4%bf%a1%e3%81%ae%e3%82%b5%e3%83%bc%e3%83%93%e3%82%b9","status":"publish","type":"page","link":"https:\/\/dragonsaigon.com\/vi\/%e3%83%89%e3%83%a9%e3%82%b4%e3%83%b3%e3%83%8f%e3%82%a6%e3%82%b8%e3%83%b3%e3%82%b0%e8%87%aa%e4%bf%a1%e3%81%ae%e3%82%b5%e3%83%bc%e3%83%93%e3%82%b9\/","title":{"rendered":"D\u1ecbch v\u1ee5 c\u1ee7a Dragon housing"},"content":{"rendered":"<p><\/p>\n<div class=\"tg_dragonlist_15042022\">\n<h3 class=\"tile_dragon_ver2_ft\">D\u1ecbch v\u1ee5 c\u1ee7a Dragon housing<\/h3>\n<div class=\"list_advantage_15042021\">\n<div class=\"item_la15042021\">\n<div class=\"wrap_figure\">\n<figure><img loading=\"lazy\" class=\"alignnone size-full wp-image-38284\" src=\"https:\/\/dragonsaigon.com\/wp-content\/uploads\/2022\/04\/tg_number_one_1504.png\" alt=\"\" width=\"122\" height=\"122\"\/><\/figure>\n<p><em><img loading=\"lazy\" class=\"alignnone size-full wp-image-38285\" src=\"https:\/\/dragonsaigon.com\/wp-content\/uploads\/2022\/04\/tg_point_no1.png\" alt=\"\" width=\"106\" height=\"106\"\/><\/em><\/p>\n<\/div>\n<div class=\"textwidget\">\n<h3>S\u1edf h\u1eefu s\u1ed1 l\u01b0\u1ee3ng B\u0110S l\u1edbn nh\u1ea5t TP.HCM<\/h3>\n<p>K\u1ec3 t\u1eeb khi \u0111\u01b0\u1ee3c th\u00e0nh l\u1eadp v\u00e0o n\u0103m 2008, s\u1edf h\u1eefu s\u1ed1 l\u01b0\u1ee3ng t\u00e0i s\u1ea3n l\u1edbn nh\u1ea5t. V\u1edbi nhi\u1ec1u n\u0103m kinh nghi\u1ec7m, ch\u00fang t\u00f4i c\u00f3 th\u1ec3 gi\u1edbi thi\u1ec7u b\u1ea5t \u0111\u1ed9ng s\u1ea3n kh\u00f4ng ch\u1ec9 b\u1eb1ng s\u1ed1 l\u01b0\u1ee3ng m\u00e0 c\u00f2n b\u1eb1ng nh\u1eefng \u0111i\u1ec1u ki\u1ec7n thu\u1eadn l\u1ee3i h\u01a1n.<\/p>\n<\/div>\n<\/div>\n<div class=\"item_la15042021\">\n<div class=\"wrap_figure\">\n<figure><img loading=\"lazy\" class=\"alignnone size-full wp-image-38279\" src=\"https:\/\/dragonsaigon.com\/wp-content\/uploads\/2022\/04\/tg_building_1504.png\" alt=\"\" width=\"139\" height=\"120\"\/><\/figure>\n<p><em><img loading=\"lazy\" class=\"alignnone size-full wp-image-38286\" src=\"https:\/\/dragonsaigon.com\/wp-content\/uploads\/2022\/04\/tg_point_no2.png\" alt=\"\" width=\"106\" height=\"106\"\/><\/em><\/p>\n<\/div>\n<div class=\"textwidget\">\n<h3>M\u1ed9t CTY b\u1ea5t \u0111\u1ed9ng s\u1ea3n l\u00e2u \u0111\u1eddi c\u1ee7a Nh\u1eadt B\u1ea3n \u0111\u01b0\u1ee3c th\u00e0nh l\u1eadp v\u00e0o n\u0103m 2008<\/h3>\n<p>M\u1edf v\u0103n ph\u00f2ng kinh doanh t\u1ea1i Th\u00e0nh ph\u1ed1 H\u1ed3 Ch\u00ed Minh, trung t\u00e2m kinh t\u1ebf t\u1eeb n\u0103m 2008 v\u00e0 H\u00e0 N\u1ed9i, trung t\u00e2m ch\u00ednh tr\u1ecb, t\u1eeb n\u0103m 2013. Ch\u00fang t\u00f4i c\u0169ng c\u00f3 th\u1ec3 gi\u00fap b\u1ea1n t\u00ecm ph\u00f2ng gi\u1eefa hai th\u00e0nh ph\u1ed1.<\/p>\n<\/div>\n<\/div>\n<div class=\"item_la15042021\">\n<div class=\"wrap_figure\">\n<figure><img loading=\"lazy\" class=\"alignnone size-full wp-image-38280\" src=\"https:\/\/dragonsaigon.com\/wp-content\/uploads\/2022\/04\/tg_car_1504.png\" alt=\"\" width=\"139\" height=\"99\"\/><\/figure>\n<p><em><img loading=\"lazy\" class=\"alignnone size-full wp-image-38287\" src=\"https:\/\/dragonsaigon.com\/wp-content\/uploads\/2022\/04\/tg_point_no3.png\" alt=\"\" width=\"106\" height=\"106\"\/><\/em><\/p>\n<\/div>\n<div class=\"textwidget\">\n<h3>H\u01b0\u1edbng d\u1eabn c\u0103n h\u1ed9 b\u1eb1ng \u00f4 t\u00f4 ri\u00eang<\/h3>\n<p>C\u00f3 th\u1ec3 tham quan nhi\u1ec1u c\u0103n h\u1ed9 m\u1ed9t c\u00e1ch hi\u1ec7u qu\u1ea3 trong th\u1eddi gian ng\u1eafn.<\/p>\n<\/div>\n<\/div>\n<div class=\"item_la15042021\">\n<div class=\"wrap_figure\">\n<figure><img loading=\"lazy\" class=\"alignnone size-full wp-image-38283\" src=\"https:\/\/dragonsaigon.com\/wp-content\/uploads\/2022\/04\/tg_money_15042022.png\" alt=\"\" width=\"123\" height=\"123\"\/><\/figure>\n<p><em><img loading=\"lazy\" class=\"alignnone size-full wp-image-38288\" src=\"https:\/\/dragonsaigon.com\/wp-content\/uploads\/2022\/04\/tg_point_no4.png\" alt=\"\" width=\"106\" height=\"106\"\/><\/em><\/p>\n<\/div>\n<div class=\"textwidget\">\n<h3>Kh\u00f4ng c\u00f3 ph\u00ed m\u00f4i gi\u1edbi ho\u1eb7c gia h\u1ea1n<\/h3>\n<p>Mi\u1ec5n ph\u00ed ph\u00ed \u200b\u200bm\u00f4i gi\u1edbi v\u00e0 ph\u00ed gia h\u1ea1n. Ch\u00fang t\u00f4i kh\u00f4ng t\u00ednh ph\u00ed t\u1eeb ng\u01b0\u1eddi thu\u00ea nh\u00e0.<\/p>\n<\/div>\n<\/div>\n<div class=\"item_la15042021\">\n<div class=\"wrap_figure\">\n<figure><img loading=\"lazy\" class=\"alignnone size-full wp-image-38293\" src=\"https:\/\/dragonsaigon.com\/wp-content\/uploads\/2022\/04\/tg_woman_15042022.png\" alt=\"\" width=\"100\" height=\"114\"\/><\/figure>\n<p><em><img loading=\"lazy\" class=\"alignnone size-full wp-image-38289\" src=\"https:\/\/dragonsaigon.com\/wp-content\/uploads\/2022\/04\/tg_point_no5.png\" alt=\"\" width=\"106\" height=\"106\"\/><\/em><\/p>\n<\/div>\n<div class=\"textwidget\">\n<h3>Nh\u00e2n vi\u00ean ng\u01b0\u1eddi Nh\u1eadt s\u1ebd h\u01b0\u1edbng d\u1eabn b\u1ea1n<\/h3>\n<p>Nh\u00e2n vi\u00ean ng\u01b0\u1eddi Nh\u1eadt s\u1ebd h\u1ed7 tr\u1ee3 m\u1ecdi th\u1ee9 t\u1eeb th\u00f4ng tin v\u1ec1 b\u1ea5t \u0111\u1ed9ng s\u1ea3n cho \u0111\u1ebfn k\u00fd k\u1ebft h\u1ee3p \u0111\u1ed3ng.<\/p>\n<\/div>\n<\/div>\n<div class=\"item_la15042021\">\n<div class=\"wrap_figure\">\n<figure><img loading=\"lazy\" class=\"alignnone size-full wp-image-38281\" src=\"https:\/\/dragonsaigon.com\/wp-content\/uploads\/2022\/04\/tg_freemn_15042022.png\" alt=\"\" width=\"115\" height=\"115\"\/><\/figure>\n<p><em><img loading=\"lazy\" class=\"alignnone size-full wp-image-38290\" src=\"https:\/\/dragonsaigon.com\/wp-content\/uploads\/2022\/04\/tg_point_no6.png\" alt=\"\" width=\"105\" height=\"105\"\/><\/em><\/p>\n<\/div>\n<div class=\"textwidget\">\n<h3>D\u1ecbch v\u1ee5 h\u1eadu m\u00e3i sau khi chuy\u1ec3n \u0111\u1ebfn<\/h3>\n<p>Ch\u00fang t\u00f4i c\u0169ng s\u1ebd cung c\u1ea5p h\u1ed7 tr\u1ee3 sau khi chuy\u1ec3n \u0111\u1ebfn c\u0103n h\u1ed9.<\/p>\n<\/div>\n<\/div>\n<div class=\"item_la15042021\">\n<div class=\"wrap_figure\">\n<figure><img loading=\"lazy\" class=\"alignnone size-full wp-image-38282\" src=\"https:\/\/dragonsaigon.com\/wp-content\/uploads\/2022\/04\/tg_hand_15042022.png\" alt=\"\" width=\"120\" height=\"114\"\/><\/figure>\n<p><em><img loading=\"lazy\" class=\"alignnone size-full wp-image-38291\" src=\"https:\/\/dragonsaigon.com\/wp-content\/uploads\/2022\/04\/tg_point_no7.png\" alt=\"\" width=\"106\" height=\"106\"\/><\/em><\/p>\n<\/div>\n<div class=\"textwidget\">\n<h3>Ch\u00fang t\u00f4i t\u1ef1 tin v\u00e0o cu\u1ed9c \u0111\u00e0m ph\u00e1n.<\/h3>\n<p>Ch\u00fang t\u00f4i c\u00f3 s\u1ed1 l\u01b0\u1ee3ng l\u1edbn nh\u00e2n vi\u00ean ng\u01b0\u1eddi Nh\u1eadt th\u00f4ng th\u1ea1o ti\u1ebfng Vi\u1ec7t n\u00ean vi\u1ec7c \u0111\u00e0m ph\u00e1n c\u00f3 th\u1ec3 \u0111\u01b0\u1ee3c th\u1ef1c hi\u1ec7n tr\u1ef1c ti\u1ebfp v\u00e0 r\u1ea5t su\u00f4n s\u1ebb. Ngo\u00e0i ra, c\u00f3 nhi\u1ec1u tr\u01b0\u1eddng h\u1ee3p thu\u00ea c\u00f9ng m\u1ed9t b\u1ea5t \u0111\u1ed9ng s\u1ea3n t\u1eeb ch\u00fang t\u00f4i s\u1ebd r\u1ebb h\u01a1n. V\u00ec l\u1ecbch s\u1eed c\u1ee7a c\u00f4ng ty ch\u00fang t\u00f4i, c\u00f3 nhi\u1ec1u tr\u01b0\u1eddng h\u1ee3p ch\u00fang t\u00f4i \u0111\u01b0\u1ee3c c\u00e1c ch\u1ee7 b\u1ea5t \u0111\u1ed9ng s\u1ea3n nh\u1edd l\u00e0m trung gian n\u00ean ch\u00fang t\u00f4i th\u01b0\u1eddng \u0111\u01b0\u1ee3c ch\u00e0o gi\u00e1 \u01b0u \u0111\u00e3i.<\/p>\n<\/div>\n<\/div>\n<div class=\"item_la15042021\" style=\"margin: 0px;\">\n<div class=\"wrap_figure\">\n<figure><img loading=\"lazy\" class=\"alignnone size-full wp-image-38279\" src=\"https:\/\/dragonsaigon.com\/wp-content\/uploads\/2022\/04\/tg_building_1504.png\" alt=\"\" width=\"139\" height=\"120\"\/><\/figure>\n<p><em><img loading=\"lazy\" class=\"alignnone size-full wp-image-38292\" src=\"https:\/\/dragonsaigon.com\/wp-content\/uploads\/2022\/04\/tg_point_no8.png\" alt=\"\" width=\"106\" height=\"106\"\/><\/em><\/p>\n<\/div>\n<div class=\"textwidget\">\n<h3>R\u1ea5t nhi\u1ec1u d\u1ecbch v\u1ee5 kh\u00e1c<\/h3>\n<p>Ch\u00fang t\u00f4i gi\u1edbi thi\u1ec7u c\u00e1c d\u1ecbch v\u1ee5 c\u1ea7n thi\u1ebft cho kh\u00e1ch h\u00e0ng Nh\u1eadt B\u1ea3n sinh s\u1ed1ng t\u1ea1i Vi\u1ec7t Nam, ch\u1eb3ng h\u1ea1n nh\u01b0 TV Nh\u1eadt B\u1ea3n, d\u1ecbch v\u1ee5 d\u1ecdn d\u1eb9p\/gi\u00fap vi\u1ec7c, m\u00e1y l\u1ecdc n\u01b0\u1edbc, l\u1eafp \u0111\u1eb7t b\u1ed3n r\u1eeda m\u1eb7t, chuy\u1ec3n nh\u00e0, v.v.<\/p>\n<\/div>\n<\/div>\n<\/div>\n<\/div>\n<p><\/p>","protected":false},"excerpt":{"rendered":"<p>D\u1ecbch v\u1ee5 c\u1ee7a Dragon housing S\u1edf h\u1eefu s\u1ed1 l\u01b0\u1ee3ng B\u0110S l\u1edbn nh\u1ea5t TP.HCM K\u1ec3 t\u1eeb khi \u0111\u01b0\u1ee3c th\u00e0nh l\u1eadp v\u00e0o n\u0103m 2008, s\u1edf h\u1eefu s\u1ed1 l\u01b0\u1ee3ng t\u00e0i s\u1ea3n l\u1edbn nh\u1ea5t. V\u1edbi nhi\u1ec1u n\u0103m kinh nghi\u1ec7m, ch\u00fang t\u00f4i c\u00f3 th\u1ec3 gi\u1edbi thi\u1ec7u b\u1ea5t \u0111\u1ed9ng s\u1ea3n kh\u00f4ng ch\u1ec9 b\u1eb1ng s\u1ed1 l\u01b0\u1ee3ng m\u00e0 c\u00f2n b\u1eb1ng nh\u1eefng \u0111i\u1ec1u ki\u1ec7n [&hellip;]<\/p>\n","protected":false},"author":1,"featured_media":0,"parent":0,"menu_order":0,"comment_status":"closed","ping_status":"closed","template":"","meta":[],"_links":{"self":[{"href":"https:\/\/dragonsaigon.com\/vi\/wp-json\/wp\/v2\/pages\/31751"}],"collection":[{"href":"https:\/\/dragonsaigon.com\/vi\/wp-json\/wp\/v2\/pages"}],"about":[{"href":"https:\/\/dragonsaigon.com\/vi\/wp-json\/wp\/v2\/types\/page"}],"author":[{"embeddable":true,"href":"https:\/\/dragonsaigon.com\/vi\/wp-json\/wp\/v2\/users\/1"}],"replies":[{"embeddable":true,"href":"https:\/\/dragonsaigon.com\/vi\/wp-json\/wp\/v2\/comments?post=31751"}],"version-history":[{"count":18,"href":"https:\/\/dragonsaigon.com\/vi\/wp-json\/wp\/v2\/pages\/31751\/revisions"}],"predecessor-version":[{"id":40230,"href":"https:\/\/dragonsaigon.com\/vi\/wp-json\/wp\/v2\/pages\/31751\/revisions\/40230"}],"wp:attachment":[{"href":"https:\/\/dragonsaigon.com\/vi\/wp-json\/wp\/v2\/media?parent=31751"}],"curies":[{"name":"wp","href":"https:\/\/api.w.org\/{rel}","templated":true}]}}