{"id":31790,"date":"2021-06-17T03:33:02","date_gmt":"2021-06-17T03:33:02","guid":{"rendered":"https:\/\/dragonsaigon.com\/?page_id=31790"},"modified":"2023-08-20T06:55:14","modified_gmt":"2023-08-20T06:55:14","slug":"vietnam-real-estate-contract-flow","status":"publish","type":"page","link":"https:\/\/dragonsaigon.com\/vi\/vietnam-real-estate-contract-flow\/","title":{"rendered":"Quy tr\u00ecnh v\u1ec1 h\u1ee3p \u0111\u1ed3ng thu\u00ea b\u1ea5t \u0111\u1ed9ng s\u1ea3n"},"content":{"rendered":"<p><\/p>\n<h3 class=\"title_following_optional\">Quy tr\u00ecnh h\u1ee3p \u0111\u1ed3ng thu\u00ea b\u1ea5t \u0111\u1ed9ng s\u1ea3n Vi\u1ec7t Nam<\/h3>\n<p class=\"text_title_following\">Gi\u1ea3i th\u00edch v\u1ec1 quy tr\u00ecnh t\u1eeb vi\u1ec7c chuy\u1ec3n \u0111\u1ebfn, chuy\u1ec3n \u0111i v\u00e0 c\u00e1c b\u01b0\u1edbc chu\u1ea9n b\u1ecb k\u00fd k\u1ebft h\u1ee3p \u0111\u1ed3ng sau khi ch\u1ecdn s\u1ea3n ph\u1ea9m thu\u00ea.<\/p>\n<div class=\"tg_real_estate_ver2_nd\">\n<div class=\"tg_title_property_ver2\">\n<p>1<\/p>\n<h4>B\u1eaft \u0111\u1ea7u t\u00ecm ki\u1ebfm nh\u00e0<\/h4>\n<\/div>\n<div class=\"tg_textproperty_content_nd\">\n<figure><img loading=\"lazy\" class=\"aligncenter size-full wp-image-31794\" src=\"https:\/\/dragonsaigon.com\/wp-content\/uploads\/2021\/06\/property_img1.jpg\" alt=\"\" width=\"924\" height=\"292\" srcset=\"https:\/\/dragonsaigon.com\/wp-content\/uploads\/2021\/06\/property_img1.jpg 924w, https:\/\/dragonsaigon.com\/wp-content\/uploads\/2021\/06\/property_img1-300x95.jpg 300w, https:\/\/dragonsaigon.com\/wp-content\/uploads\/2021\/06\/property_img1-768x243.jpg 768w\" sizes=\"(max-width: 924px) 100vw, 924px\" \/><\/figure>\n<div class=\"textwidget\">\n<p>T\u00ecm ki\u1ebfm b\u1ea5t \u0111\u1ed9ng s\u1ea3n tr\u00ean trang web Dragon Housing mi\u1ec5n ph\u00ed. Ho\u1eb7c \u0111i\u1ec1n v\u00e0o m\u1eabu y\u00eau c\u1ea7u t\u00ecm t\u00e0i s\u1ea3n c\u1ee7a b\u1ea1n.<\/p>\n<p>N\u1ebfu b\u1ea1n t\u00ecm th\u1ea5y s\u1ea3n ph\u1ea9m b\u1ea5t \u0111\u1ed9ng s\u1ea3n m\u00e0 b\u1ea1n quan t\u00e2m tr\u00ean trang web n\u00e0y, vui l\u00f2ng li\u00ean h\u1ec7 v\u1edbi ch\u00fang t\u00f4i qua \u0111i\u1ec7n tho\u1ea1i ho\u1eb7c b\u1eb1ng c\u00e1ch s\u1eed d\u1ee5ng m\u1eabu y\u00eau c\u1ea7u (email).<\/p>\n<p>Ngo\u00e0i ra, vui l\u00f2ng s\u1eed d\u1ee5ng t\u00ecm ki\u1ebfm s\u1ea3n ph\u1ea9m b\u1ea5t \u0111\u1ed9ng s\u1ea3n (bi\u1ec3u m\u1eabu y\u00eau c\u1ea7u) \u0111\u1ec3 cho ch\u00fang t\u00f4i bi\u1ebft c\u00e1c \u0111i\u1ec1u ki\u1ec7n mong mu\u1ed1n c\u1ee7a b\u1ea1n nh\u01b0 ng\u00e2n s\u00e1ch, s\u01a1 \u0111\u1ed3 m\u1eb7t b\u1eb1ng v\u00e0 di\u1ec7n t\u00edch.<\/p>\n<p>\u0110\u1ed9i ng\u0169 nh\u00e2n vi\u00ean gi\u00e0u kinh nghi\u1ec7m c\u1ee7a ch\u00fang t\u00f4i s\u1ebd gi\u1edbi thi\u1ec7u cho b\u1ea1n s\u1ea3n ph\u1ea9m ph\u00f2ng ph\u00f9 h\u1ee3p v\u1edbi nhu c\u1ea7u c\u1ee7a b\u1ea1n. Xin vui l\u00f2ng li\u00ean h\u1ec7 v\u1edbi ch\u00fang t\u00f4i b\u1eb1ng ti\u1ebfng Nh\u1eadt.<\/p>\n<\/div>\n<\/div>\n<\/div>\n<div class=\"tg_real_estate_ver2_nd\">\n<div class=\"tg_title_property_ver2\">\n<p>2<\/p>\n<h4>\u7269\u4ef6\u306e\u3054\u898b\u5b66<\/h4>\n<\/div>\n<div class=\"tg_textproperty_content_nd\">\n<figure><img loading=\"lazy\" class=\"aligncenter size-full wp-image-31795\" src=\"https:\/\/dragonsaigon.com\/wp-content\/uploads\/2021\/06\/property_img2.jpg\" alt=\"\" width=\"924\" height=\"292\" srcset=\"https:\/\/dragonsaigon.com\/wp-content\/uploads\/2021\/06\/property_img2.jpg 924w, https:\/\/dragonsaigon.com\/wp-content\/uploads\/2021\/06\/property_img2-300x95.jpg 300w, https:\/\/dragonsaigon.com\/wp-content\/uploads\/2021\/06\/property_img2-768x243.jpg 768w\" sizes=\"(max-width: 924px) 100vw, 924px\" \/><\/figure>\n<div class=\"textwidget\">\n<p>\u6c17\u306b\u306a\u308b\u7269\u4ef6\u304c\u3054\u3056\u3044\u307e\u3057\u305f\u3089\u5b9f\u969b\u306b\u304a\u90e8\u5c4b\u306e\u898b\u5b66\u3092\u3057\u307e\u3057\u3087\u3046<\/p>\n<p>\u30d9\u30c8\u30ca\u30e0\u8a9e\u304c\u3067\u304d\u306a\u304f\u3066\u3082\u5927\u4e08\u592b\uff01\u5f0a\u793e\u306e\u65e5\u672c\u4eba\u30b9\u30bf\u30c3\u30d5\u304c\u3054\u6848\u5185\u3057\u307e\u3059\u3002\u3054\u6307\u5b9a\u306e\u30db\u30c6\u30eb\u7b49\u307e\u3067\u5f0a\u793e\u306e\u7269\u4ef6\u6848\u5185\u5c02\u7528\u8eca\u3067\u304a\u8fce\u3048\u306b\u4e0a\u304c\u308a\u307e\u3059\u3002<\/p>\n<p>\u5b9f\u969b\u306b\u304a\u90e8\u5c4b\u3092\u3054\u898b\u5b66\u3044\u305f\u3060\u304f\u3053\u3068\u306b\u3088\u308a\u63a1\u5149\u3084\u5468\u8fba\u74b0\u5883\u7b49\u7d30\u304b\u3044\u3053\u3068\u3082\u30c1\u30a7\u30c3\u30af\u3067\u304d\u307e\u3059\u3002\u6c17\u306b\u306a\u308b\u70b9\u304c\u3042\u3063\u305f\u3089\u305d\u306e\u5834\u3067\u8cea\u554f\u3082\u53ef\u80fd\u3067\u3059\uff01<\/p>\n<\/div>\n<\/div>\n<\/div>\n<div class=\"tg_real_estate_ver2_nd\">\n<div class=\"tg_title_property_ver2\">\n<p>3<\/p>\n<h4>\u7269\u4ef6\u306e\u3054\u6c7a\u5b9a\u3000\uff08\u5fc5\u8981\u306b\u5fdc\u3058\u3066\u624b\u4ed8\u91d1\u306e\u304a\u652f\u6255\u3044\uff09<\/h4>\n<\/div>\n<div class=\"tg_textproperty_content_nd\">\n<figure><img loading=\"lazy\" class=\"aligncenter size-full wp-image-31796\" src=\"https:\/\/dragonsaigon.com\/wp-content\/uploads\/2021\/06\/property_img3.jpg\" alt=\"\" width=\"924\" height=\"292\" srcset=\"https:\/\/dragonsaigon.com\/wp-content\/uploads\/2021\/06\/property_img3.jpg 924w, https:\/\/dragonsaigon.com\/wp-content\/uploads\/2021\/06\/property_img3-300x95.jpg 300w, https:\/\/dragonsaigon.com\/wp-content\/uploads\/2021\/06\/property_img3-768x243.jpg 768w\" sizes=\"(max-width: 924px) 100vw, 924px\" \/><\/figure>\n<div class=\"textwidget\">\n<p>\u7269\u4ef6\u304a\u7533\u8fbc\u307f\u306e\u624b\u9806<\/p>\n<p>\u3054\u5951\u7d04\u3055\u308c\u305f\u3044\u7269\u4ef6\u304c\u304a\u6c7a\u307e\u308a\u306b\u306a\u308a\u307e\u3057\u305f\u3089\u5951\u7d04\u306e\u624b\u7d9a\u304d\u3092\u304a\u9032\u3081\u3044\u305f\u3060\u304d\u307e\u3059\u3002<\/p>\n<p>\u5fc5\u8981\u306a\u66f8\u985e\u306f\u7269\u4ef6\u306b\u3088\u308a\u9055\u3044\u307e\u3059\u304c\u4e00\u822c\u7684\u306b\u306f\u500b\u4eba\u5951\u7d04\u306e\u5834\u5408\u306f\u30d1\u30b9\u30dd\u30fc\u30c8\u306e\u9854\u5199\u771f\u306e\u30da\u30fc\u30b8\u30b3\u30d4\u30fc\u3067\u3059\u3002<\/p>\n<p>\u6cd5\u4eba\u5951\u7d04\u306e\u5834\u5408\u306f\u4f1a\u793e\u60c5\u5831\u304a\u3088\u3073\u5c45\u4f4f\u8005\u69d8\u306e\u30d1\u30b9\u30dd\u30fc\u30c8\u9854\u5199\u771f\u306e\u307a\u30fc\u30b8\u306e\u30b3\u30d4\u30fc\u3092\u3044\u305f\u3060\u304d\u307e\u3059\u3002<\/p>\n<p>\u3042\u3068\u3001\u53d6\u308a\u5408\u3048\u305a\u7269\u4ef6\u304a\u3055\u3048\u308b\u305f\u3081\u306b\u6570\u767e\uff35\uff33\uff24\u304b\u3089\u5bb6\u8cc31\u304b\u6708\u5206\u76f8\u5f53\u984d\u304c\u5fc5\u8981\u306b\u306a\u308b\u5834\u5408\u304c\u3054\u3056\u3044\u307e\u3059\u3002<\/p>\n<p>\u5f8c\u65e5\u3053\u306e\u624b\u4ed8\u3051\u91d1\u306f\u30c7\u30dd\u30b8\u30c3\u30c8\uff08\u4fdd\u8a3c\u91d1\uff09\u3082\u3057\u304f\u306f\u5bb6\u8cc3\u306b\u5145\u5f53\u3055\u308c\u307e\u3059\u3002<\/p>\n<\/div>\n<\/div>\n<\/div>\n<div class=\"tg_real_estate_ver2_nd\">\n<div class=\"tg_title_property_ver2\">\n<p>4<\/p>\n<h4>\u3054\u5951\u7d04\u53ca\u3073\u304a\u652f\u6255\u3044<\/h4>\n<\/div>\n<div class=\"tg_textproperty_content_nd\">\n<figure><img loading=\"lazy\" class=\"aligncenter size-full wp-image-31797\" src=\"https:\/\/dragonsaigon.com\/wp-content\/uploads\/2021\/06\/property_img4.jpg\" alt=\"\" width=\"924\" height=\"292\" srcset=\"https:\/\/dragonsaigon.com\/wp-content\/uploads\/2021\/06\/property_img4.jpg 924w, https:\/\/dragonsaigon.com\/wp-content\/uploads\/2021\/06\/property_img4-300x95.jpg 300w, https:\/\/dragonsaigon.com\/wp-content\/uploads\/2021\/06\/property_img4-768x243.jpg 768w\" sizes=\"(max-width: 924px) 100vw, 924px\" \/><\/figure>\n<div class=\"textwidget\">\n<p>\u8cc3\u8cb8\u5951\u7d04\u66f8\u3054\u7f72\u540d\u3068\u5bb6\u8cc3\u30fb\u4fdd\u8a3c\u91d1\u306e\u304a\u652f\u6255\u3044<\/p>\n<p>\u5f0a\u793e\u3088\u308a\u8cc3\u8cb8\u5951\u7d04\u66f8\u3092\u304a\u9001\u308a\u3057\u307e\u3059\u306e\u3067\u5185\u5bb9\u3092\u3054\u78ba\u8a8d\u3044\u305f\u3060\u304d\u307e\u3057\u3066\u554f\u984c\u306a\u3051\u308c\u3070\u3054\u7f72\u540d\u306e\u4e0a\u3001\u5f0a\u793e\u307e\u3067\u3054\u8fd4\u9001\u304f\u3060\u3055\u3044\u307e\u305b\u3002<\/p>\n<p>\u65e5\u672c\u306e\u30c6\u30ec\u30d3\u3084\u30a6\u30aa\u30c3\u30b7\u30e5\u30ec\u30c3\u30c8\u306e\u53d6\u308a\u4ed8\u3051\u7b49\u3054\u5e0c\u671b\u304c\u3042\u308c\u3070\u5408\u308f\u305b\u3066\u304a\u77e5\u3089\u305b\u304f\u3060\u3055\u3044\u307e\u305b\u3002<\/p>\n<p>\u5185\u5bb9\u306b\u4e0d\u660e\u306a\u70b9\u3084\u3054\u8cea\u554f\u304c\u3042\u308c\u3070\u3054\u9060\u616e\u306a\u3055\u3089\u305a\u5f0a\u793e\u30b9\u30bf\u30c3\u30d5\u307e\u3067\u304a\u5c0b\u306d\u304f\u3060\u3055\u3044\u307e\u305b\u3002\u3000\u6cd5\u4eba\u5951\u7d04\u306e\u5834\u5408\u306f\u30ed\u30fc\u30ab\u30eb\u30b9\u30bf\u30c3\u30d5\u69d8\u3068\u3084\u308a\u53d6\u308a\u3055\u305b\u3066\u9802\u304d\u5951\u7d04\u3092\u9032\u3081\u3055\u305b\u3066\u9802\u304f\u3053\u3068\u3082\u3054\u3056\u3044\u307e\u3059\u3002<\/p>\n<p>\u30c7\u30dd\u30b8\u30c3\u30c8\uff08\u4fdd\u8a3c\u91d1\uff09\uff0a\u901a\u5e38\u304a\u5bb6\u8cc32\u30f5\u6708\u5206\u3000\u53ca\u3073\u304a\u5bb6\u8cc3\u3092\u5165\u5c45\u65e5\u307e\u3067\u306b\u304a\u652f\u6255\u3044\u9802\u304d\u307e\u3059\u3002<\/p>\n<p>\u5c1a\u3001\u30c7\u30dd\u30b8\u30c3\u30c8\uff08\u4fdd\u8a3c\u91d1\uff09\u306f\u3054\u9000\u53bb\u5f8c\u306b\u5fc5\u8981\u306b\u3088\u308a\u88dc\u4fee\u8cbb\u3084\u5149\u71b1\u8cbb\u7b49\u3092\u5dee\u3057\u5f15\u3044\u305f\u5f8c\u306b\u8fd4\u91d1\u3055\u308c\u307e\u3059\u3002<\/p>\n<\/div>\n<\/div>\n<\/div>\n<div class=\"tg_real_estate_ver2_nd\">\n<div class=\"tg_title_property_ver2\">\n<p>5<\/p>\n<h4>\u3054\u5165\u5c45<\/h4>\n<\/div>\n<div class=\"tg_textproperty_content_nd\">\n<figure><img loading=\"lazy\" class=\"aligncenter size-full wp-image-31798\" src=\"https:\/\/dragonsaigon.com\/wp-content\/uploads\/2021\/06\/property_img5.jpg\" alt=\"\" width=\"924\" height=\"292\" srcset=\"https:\/\/dragonsaigon.com\/wp-content\/uploads\/2021\/06\/property_img5.jpg 924w, https:\/\/dragonsaigon.com\/wp-content\/uploads\/2021\/06\/property_img5-300x95.jpg 300w, https:\/\/dragonsaigon.com\/wp-content\/uploads\/2021\/06\/property_img5-768x243.jpg 768w\" sizes=\"(max-width: 924px) 100vw, 924px\" \/><\/figure>\n<div class=\"textwidget\">\n<p>\u65b0\u751f\u6d3b\u30b9\u30bf\u30fc\u30c8<\/p>\n<p>\u5f0a\u793e\u30b9\u30bf\u30c3\u30d5\u304c\u3054\u5165\u5c45\u306b\u7acb\u3061\u4f1a\u3044\u3001\u4e00\u7dd2\u306b\u304a\u90e8\u5c4b\u306e\u5099\u54c1\u30c1\u30a7\u30c3\u30af\u3084\u9375\u306e\u53d7\u3051\u6e21\u3057\u3092\u884c\u308f\u305b\u3066\u3044\u305f\u3060\u304d\u307e\u3059\u3002<\/p>\n<p>\u5bb6\u5177\u30fb\u5bb6\u96fb\u306f\u3082\u3061\u308d\u3093\u3001\u30a4\u30f3\u30bf\u30fc\u30cd\u30c3\u30c8\u306e\u30c1\u30a7\u30c3\u30af\u3082\u3044\u305f\u3057\u307e\u3059\u3002<\/p>\n<\/div>\n<\/div>\n<\/div>\n<div class=\"tg_real_estate_ver2_nd\">\n<div class=\"tg_title_property_ver2\">\n<p>6<\/p>\n<h4>\u30a2\u30d5\u30bf\u30fc\u30b5\u30fc\u30d3\u30b9<\/h4>\n<\/div>\n<div class=\"tg_textproperty_content_nd\">\n<figure><img loading=\"lazy\" class=\"aligncenter size-full wp-image-31799\" src=\"https:\/\/dragonsaigon.com\/wp-content\/uploads\/2021\/06\/property_img6.jpg\" alt=\"\" width=\"924\" height=\"292\" srcset=\"https:\/\/dragonsaigon.com\/wp-content\/uploads\/2021\/06\/property_img6.jpg 924w, https:\/\/dragonsaigon.com\/wp-content\/uploads\/2021\/06\/property_img6-300x95.jpg 300w, https:\/\/dragonsaigon.com\/wp-content\/uploads\/2021\/06\/property_img6-768x243.jpg 768w\" sizes=\"(max-width: 924px) 100vw, 924px\" \/><\/figure>\n<div class=\"textwidget\">\n<p>\u3054\u5165\u5c45\u5f8c\u3082\u5f0a\u793e\u304c\u30d5\u30a9\u30ed\u30fc<\/p>\n<p>\u30c9\u30e9\u30b4\u30f3\u30cf\u30a6\u30b8\u30f3\u30b0\u306f\u7269\u4ef6\u306e\u3054\u7d39\u4ecb\u3001\u3054\u5951\u7d04\u306e\u304a\u624b\u4f1d\u3044\u3060\u3051\u3067\u306a\u304f\u3054\u5165\u5c45\u3055\u308c\u3066\u304b\u3089\u3054\u9000\u53bb\u3055\u308c\u308b\u307e\u3067\u7121\u6599\u306b\u3066\u30b5\u30dd\u30fc\u30c8\u3044\u305f\u3057\u307e\u3059\u3002<\/p>\n<p>\u30a8\u30a2\u30b3\u30f3\u3084\u30a4\u30f3\u30bf\u30fc\u30cd\u30c3\u30c8\u306e\u4e0d\u5177\u5408\u7b49\u3001\u7269\u4ef6\u30aa\u30fc\u30ca\u30fc\u304c\u5bfe\u5fdc\u3057\u307e\u3059\u304c\u30c8\u30e9\u30d6\u30eb\u304c\u89e3\u6c7a\u3057\u306a\u3044\u5834\u5408\u3001\u5f0a\u793e\u304c\u9593\u306b\u5165\u3063\u3066\u30c8\u30e9\u30d6\u30eb\u89e3\u6c7a\u306e<\/p>\n<p>\u30b5\u30dd\u30fc\u30c8\u3092\u3044\u305f\u3057\u307e\u3059\u3002<\/p>\n<\/div>\n<\/div>\n<\/div>\n<div class=\"tg_real_estate_ver2_nd\">\n<div class=\"tg_title_property_ver2\">\n<p>7<\/p>\n<h4>\u5951\u7d04\u66f4\u65b0<\/h4>\n<\/div>\n<div class=\"tg_textproperty_content_nd\">\n<figure><img loading=\"lazy\" class=\"aligncenter size-full wp-image-31800\" src=\"https:\/\/dragonsaigon.com\/wp-content\/uploads\/2021\/06\/property_img7.jpg\" alt=\"\" width=\"924\" height=\"292\" srcset=\"https:\/\/dragonsaigon.com\/wp-content\/uploads\/2021\/06\/property_img7.jpg 924w, https:\/\/dragonsaigon.com\/wp-content\/uploads\/2021\/06\/property_img7-300x95.jpg 300w, https:\/\/dragonsaigon.com\/wp-content\/uploads\/2021\/06\/property_img7-768x243.jpg 768w\" sizes=\"(max-width: 924px) 100vw, 924px\" \/><\/figure>\n<div class=\"textwidget\">\n<p>\u5951\u7d04\u66f4\u65b0\u3068\u305d\u306e\u624b\u7d9a\u304d<\/p>\n<p>\u66f4\u65b0\u3082\u3057\u304f\u306f\u9000\u53bb\u306e\u901a\u77e5\u671f\u9650\u306f\u901a\u5e38\u5951\u7d04\u6e80\u4e86\u65e5\u306e30\u65e5\u3082\u3057\u304f\u306f60\u65e5\u524d\u306b\u306a\u308a\u307e\u3059\u3002<\/p>\n<p>\u5f15\u304d\u7d9a\u304d\u3054\u6ede\u5728\u3092\u5e0c\u671b\u3055\u308c\u308b\u5834\u5408\u306f\u7fcc\u5e74\u5ea6\u306e\u5951\u7d04\u6761\u4ef6\u3092\u5f0a\u793e\u3082\u3057\u304f\u306f\u7269\u4ef6\u62c5\u5f53\u8005\u304b\u3089\u304a\u77e5\u3089\u305b\u3055\u305b\u3066\u3044\u305f\u3060\u304d\u307e\u3059\u3002<\/p>\n<\/div>\n<\/div>\n<\/div>\n<div class=\"tg_real_estate_ver2_nd\">\n<div class=\"tg_title_property_ver2\">\n<p>8<\/p>\n<h4>\u3054\u9000\u53bb<\/h4>\n<\/div>\n<div class=\"tg_textproperty_content_nd\">\n<div class=\"textwidget\">\n<p>\u89e3\u7d04\u7533\u3057\u51fa\u306e\u6642\u671f\u3068\u305d\u306e\u624b\u9806<\/p>\n<p>\u9000\u53bb\u901a\u77e5\u306f\u4e00\u822c\u7684\u306b\u5951\u7d04\u6e80\u4e86\u65e5\u306e30\uff5e60\u65e5\u524d\u306b\u306a\u3063\u3066\u304a\u308a\u307e\u3059\u3002\u9000\u53bb\u901a\u77e5\u304c\u9045\u308c\u307e\u3059\u3068\u305d\u306e\u5206\u306e\u5bb6\u8cc3\u3092\u8acb\u6c42\u3055\u308c\u308b\u53ef\u80fd\u304c\u3054\u3056\u3044\u307e\u3059\u306e\u3067\u3054\u6ce8\u610f\u304f\u3060\u3055\u3044\u3002<\/p>\n<p>\u9000\u53bb\u65e5\u5f53\u65e5\u306f\u5f0a\u793e\u30b9\u30bf\u30c3\u30d5\u3082\u7acb\u3061\u4f1a\u308f\u305b\u3066\u3044\u305f\u3060\u304d\u9375\u306e\u8fd4\u5374\u304a\u3088\u3073\u5099\u54c1\u306e\u30c1\u30a7\u30c3\u30af\u7b49\u3092\u4e00\u7dd2\u306b\u3055\u305b\u3066\u3044\u305f\u3060\u304d\u307e\u3059\u3002<\/p>\n<\/div>\n<\/div>\n<\/div>\n<p><\/p>","protected":false},"excerpt":{"rendered":"<p>Quy tr\u00ecnh h\u1ee3p \u0111\u1ed3ng thu\u00ea b\u1ea5t \u0111\u1ed9ng s\u1ea3n Vi\u1ec7t Nam Gi\u1ea3i th\u00edch v\u1ec1 quy tr\u00ecnh t\u1eeb vi\u1ec7c chuy\u1ec3n \u0111\u1ebfn, chuy\u1ec3n \u0111i v\u00e0 c\u00e1c b\u01b0\u1edbc chu\u1ea9n b\u1ecb k\u00fd k\u1ebft h\u1ee3p \u0111\u1ed3ng sau khi ch\u1ecdn s\u1ea3n ph\u1ea9m thu\u00ea. 1 B\u1eaft \u0111\u1ea7u t\u00ecm ki\u1ebfm nh\u00e0 T\u00ecm ki\u1ebfm b\u1ea5t \u0111\u1ed9ng s\u1ea3n tr\u00ean trang web Dragon Housing mi\u1ec5n ph\u00ed. Ho\u1eb7c [&hellip;]<\/p>\n","protected":false},"author":1,"featured_media":0,"parent":0,"menu_order":0,"comment_status":"closed","ping_status":"closed","template":"","meta":[],"_links":{"self":[{"href":"https:\/\/dragonsaigon.com\/vi\/wp-json\/wp\/v2\/pages\/31790"}],"collection":[{"href":"https:\/\/dragonsaigon.com\/vi\/wp-json\/wp\/v2\/pages"}],"about":[{"href":"https:\/\/dragonsaigon.com\/vi\/wp-json\/wp\/v2\/types\/page"}],"author":[{"embeddable":true,"href":"https:\/\/dragonsaigon.com\/vi\/wp-json\/wp\/v2\/users\/1"}],"replies":[{"embeddable":true,"href":"https:\/\/dragonsaigon.com\/vi\/wp-json\/wp\/v2\/comments?post=31790"}],"version-history":[{"count":15,"href":"https:\/\/dragonsaigon.com\/vi\/wp-json\/wp\/v2\/pages\/31790\/revisions"}],"predecessor-version":[{"id":40220,"href":"https:\/\/dragonsaigon.com\/vi\/wp-json\/wp\/v2\/pages\/31790\/revisions\/40220"}],"wp:attachment":[{"href":"https:\/\/dragonsaigon.com\/vi\/wp-json\/wp\/v2\/media?parent=31790"}],"curies":[{"name":"wp","href":"https:\/\/api.w.org\/{rel}","templated":true}]}}