{"id":31816,"date":"2021-06-17T06:51:52","date_gmt":"2021-06-17T06:51:52","guid":{"rendered":"https:\/\/dragonsaigon.com\/?page_id=31816"},"modified":"2023-08-23T11:01:01","modified_gmt":"2023-08-23T11:01:01","slug":"%e5%ad%a6%e6%a0%a1%e3%83%bb%e5%b9%bc%e7%a8%9a%e5%9c%92","status":"publish","type":"page","link":"https:\/\/dragonsaigon.com\/vi\/%e5%ad%a6%e6%a0%a1%e3%83%bb%e5%b9%bc%e7%a8%9a%e5%9c%92\/","title":{"rendered":"Gi\u00e1o d\u1ee5c"},"content":{"rendered":"<p><\/p>\n<div class=\"tg_page_school\">\n<div class=\"qb_short_text\">\n<h3>Tr\u01b0\u1eddng h\u1ecdc \u1edf Th\u00e0nh ph\u1ed1 H\u1ed3 Ch\u00ed Minh<\/h3>\n<p>Gi\u1edbi thi\u1ec7u c\u00e1c tr\u01b0\u1eddng h\u1ecdc, tr\u01b0\u1eddng m\u1ea7m non, tr\u01b0\u1eddng h\u1ecdc t\u1ea1i TP.HCM.<\/p>\n<\/div>\n<div class=\"wrap_address_school\">\n<div class=\"wrap_item_school\">\n<h3>Tr\u01b0\u1eddng h\u1ecdc nh\u1eadt b\u1ea3n<\/h3>\n<div class=\"item_school\">\n<h4 class=\"name_school\">Tr\u01b0\u1eddng Nh\u1eadt b\u1ea3n Th\u00e0nh ph\u1ed1 H\u1ed3 Ch\u00ed Minh<\/h4>\n<div class=\"textwidget\">\n<p>Tr\u01b0\u1eddng h\u1ecdc d\u00e0nh cho tr\u1ebb em Nh\u1eadt B\u1ea3n t\u1ecda l\u1ea1c t\u1ea1i Qu\u1eadn 7, Th\u00e0nh ph\u1ed1 H\u1ed3 Ch\u00ed Minh. C\u00f3 m\u1ed9t tr\u01b0\u1eddng ti\u1ec3u h\u1ecdc v\u00e0 m\u1ed9t tr\u01b0\u1eddng trung h\u1ecdc c\u01a1 s\u1edf. C\u00f3 m\u1ed9t chi\u1ebfc xe bu\u00fdt tr\u01b0\u1eddng h\u1ecdc. \u3000Cty Dragon Housing c\u00f3 th\u1ec3 gi\u1edbi thi\u1ec7u chung c\u01b0 n\u01a1i c\u00f3 b\u1ebfn xe bu\u00fdt c\u1ee7a tr\u01b0\u1eddng h\u1ecdc Nh\u1eadt B\u1ea3n.<\/p>\n<div class=\"wrap_item_school_twg\">\n<figure><img loading=\"lazy\" class=\"aligncenter size-full wp-image-31818\" src=\"https:\/\/dragonsaigon.com\/wp-content\/uploads\/2021\/06\/school_ct_img2.jpg\" alt=\"\" width=\"751\" height=\"403\" srcset=\"https:\/\/dragonsaigon.com\/wp-content\/uploads\/2021\/06\/school_ct_img2.jpg 751w, https:\/\/dragonsaigon.com\/wp-content\/uploads\/2021\/06\/school_ct_img2-300x161.jpg 300w\" sizes=\"(max-width: 751px) 100vw, 751px\" \/><\/figure>\n<div class=\"info_school_twg\">\n<table>\n<tbody>\n<tr>\n<td>ADD:<\/td>\n<td>Sai Gon South, Block M9, Tan Phu Street, Tan Phu Ward, District 7, Ho Chi Minh<\/td>\n<\/tr>\n<tr>\n<td>TEL\uff1a<\/td>\n<td>028-5417-9013<\/td>\n<\/tr>\n<tr>\n<td>EMAIL\uff1a<\/td>\n<td>school@jschoolhcmc.com<\/td>\n<\/tr>\n<tr>\n<td>WEBSITE\uff1a<\/td>\n<td><a href=\"#\">http:\/\/jschool-hcmc.net\/<\/a><\/td>\n<\/tr>\n<\/tbody>\n<\/table>\n<\/div>\n<\/div>\n<\/div>\n<\/div>\n<p><!-- item_school --><\/p>\n<\/div>\n<p><!-- wrap_item_school --><\/p>\n<div class=\"wrap_item_school\">\n<h3>Tr\u01b0\u1eddng qu\u1ed1c t\u1ebf<\/h3>\n<div class=\"item_school\">\n<h4 class=\"name_school\">INTERNATIONAL SCHOOL\u3000HO CHI MINH CITY<\/h4>\n<div class=\"textwidget\">\n<p>\u0110\u00e2y l\u00e0 tr\u01b0\u1eddng qu\u1ed1c t\u1ebf n\u1ed5i ti\u1ebfng \u1edf Th\u00e0nh ph\u1ed1 H\u1ed3 Ch\u00ed Minh. C\u00f3 s\u01a1 c\u1ea5p v\u00e0 th\u1ee9 c\u1ea5p.<br \/>\nNh\u1eefng h\u1ea1n ch\u1ebf \u0111\u01b0\u1ee3c \u0111\u1eb7t ra cho m\u1ed7i qu\u1ed1c t\u1ecbch nh\u1eb1m ng\u0103n ch\u1eb7n s\u1ed1 l\u01b0\u1ee3ng sinh vi\u00ean c\u00f9ng qu\u1ed1c t\u1ecbch ng\u00e0y c\u00e0ng t\u0103ng. C\u00f3 th\u1ec3 n\u00f3i \u0111\u00f3 l\u00e0 ng\u00f4i tr\u01b0\u1eddng g\u1ea7n g\u0169i nh\u1ea5t v\u1edbi c\u00e1i g\u1ecdi l\u00e0 \u201cli\u00ean th\u00f4ng\u201d m\u00e0 ng\u01b0\u1eddi Nh\u1eadt v\u1eabn ngh\u0129.<\/p>\n<div class=\"wrap_item_school_twg\">\n<figure><img loading=\"lazy\" class=\"aligncenter size-full wp-image-31819\" src=\"https:\/\/dragonsaigon.com\/wp-content\/uploads\/2021\/06\/school_ct_img3.jpg\" alt=\"\" width=\"751\" height=\"403\" srcset=\"https:\/\/dragonsaigon.com\/wp-content\/uploads\/2021\/06\/school_ct_img3.jpg 751w, https:\/\/dragonsaigon.com\/wp-content\/uploads\/2021\/06\/school_ct_img3-300x161.jpg 300w\" sizes=\"(max-width: 751px) 100vw, 751px\" \/><\/figure>\n<div class=\"info_school_twg\">\n<table>\n<tbody>\n<tr>\n<td>ADD\uff1a<\/td>\n<td>Primary campus: 28 Xuan Thuy St., An Phu ward, Thu Duc city, HCMC<\/td>\n<\/tr>\n<tr>\n<td>ADD\uff1a<\/td>\n<td>Secondary Campus: 01 Xuan Thuy St., Thao Dien ward, Thu Duc city, HCMC<\/td>\n<\/tr>\n<tr>\n<td>TEL\uff1a<\/td>\n<td>028 3898 9100<\/td>\n<\/tr>\n<tr>\n<td>EMAIL\uff1a<\/td>\n<td>admissions@ishcmc.edu.vn<\/td>\n<\/tr>\n<tr>\n<td>WEBSITE\uff1a<\/td>\n<td><a href=\"#\">https:\/\/www.ishcmc.com<\/a><\/td>\n<\/tr>\n<\/tbody>\n<\/table>\n<\/div>\n<\/div>\n<\/div>\n<\/div>\n<p><!-- item_school --><\/p>\n<div class=\"item_school\">\n<h4 class=\"name_school\">AUSTRALIAN INTERNATIONAL SCHOOL<\/h4>\n<div class=\"textwidget\">\n<p>Tr\u01b0\u1eddng Qu\u1ed1c t\u1ebf Australia (AIS) c\u00f3 3 c\u01a1 s\u1edf t\u1ea1i qu\u1eadn Th\u1ea3o \u0110i\u1ec1n v\u00e0 Th\u1ee7 Thi\u00eam, TP.HCM. C\u00f3 tr\u01b0\u1eddng m\u1ea7m non, ti\u1ec3u h\u1ecdc v\u00e0 trung h\u1ecdc c\u01a1 s\u1edf.<\/p>\n<div class=\"wrap_item_school_twg\">\n<figure><img loading=\"lazy\" class=\"aligncenter size-full wp-image-31820\" src=\"https:\/\/dragonsaigon.com\/wp-content\/uploads\/2021\/06\/school_ct_img4.jpg\" alt=\"\" width=\"751\" height=\"403\" srcset=\"https:\/\/dragonsaigon.com\/wp-content\/uploads\/2021\/06\/school_ct_img4.jpg 751w, https:\/\/dragonsaigon.com\/wp-content\/uploads\/2021\/06\/school_ct_img4-300x161.jpg 300w\" sizes=\"(max-width: 751px) 100vw, 751px\" \/><\/figure>\n<div class=\"info_school_twg\">\n<div class=\"his_info_school\">\n<h4>AIS TH\u1ee6 THI\u00caM\uff08Kindergarten &#8211; Year 13\uff09<\/h4>\n<table>\n<tbody>\n<tr>\n<td>ADD\uff1a<\/td>\n<td>264 Mai Chi Tho (East-West Highway), An Phu Ward, District 2, HCMC, Vietnam<\/td>\n<\/tr>\n<tr>\n<td>TEL\uff1a<\/td>\n<td>028 3742 4040<\/td>\n<\/tr>\n<\/tbody>\n<\/table>\n<\/div>\n<div class=\"his_info_school\">\n<h4>AIS TH\u1ea2O \u0110I\u1ec0N\uff08Kindergarten &#8211; Year 6\uff09<\/h4>\n<table>\n<tbody>\n<tr>\n<td>ADD\uff1a<\/td>\n<td>APSC Compound, 36 Thao \u0110ien Road, District 2, HCMC, Vietnam<\/td>\n<\/tr>\n<tr>\n<td>TEL\uff1a<\/td>\n<td>\uff08+84\uff09028-3744-6960<\/td>\n<\/tr>\n<\/tbody>\n<\/table>\n<\/div>\n<div class=\"his_info_school\">\n<h4>AIS XI\uff08Kindergarten\uff09<\/h4>\n<table>\n<tbody>\n<tr>\n<td>ADD\uff1a<\/td>\n<td>190 Nguyen Van Huong Street, Thao Dien Ward, District 2, HCMC, Vietnam<\/td>\n<\/tr>\n<tr>\n<td>TEL\uff1a<\/td>\n<td>\uff08+84\uff09028 3519 2727<\/td>\n<\/tr>\n<\/tbody>\n<\/table>\n<\/div>\n<\/div>\n<\/div>\n<\/div>\n<\/div>\n<p><!-- item_school --><\/p>\n<div class=\"item_school\">\n<h4 class=\"name_school\">BRITISH INTERNATIONAL SCHOOL<\/h4>\n<div class=\"textwidget\">\n<p>Ch\u01b0\u01a1ng tr\u00ecnh gi\u1ea3ng d\u1ea1y d\u1ef1a tr\u00ean ch\u00ednh s\u00e1ch gi\u00e1o d\u1ee5c c\u1ee7a V\u01b0\u01a1ng qu\u1ed1c Anh<\/p>\n<div class=\"wrap_item_school_twg\">\n<figure><img loading=\"lazy\" class=\"aligncenter size-full wp-image-31821\" src=\"https:\/\/dragonsaigon.com\/wp-content\/uploads\/2021\/06\/school_ct_img5.jpg\" alt=\"\" width=\"751\" height=\"403\" srcset=\"https:\/\/dragonsaigon.com\/wp-content\/uploads\/2021\/06\/school_ct_img5.jpg 751w, https:\/\/dragonsaigon.com\/wp-content\/uploads\/2021\/06\/school_ct_img5-300x161.jpg 300w\" sizes=\"(max-width: 751px) 100vw, 751px\" \/><\/figure>\n<div class=\"info_school_twg\">\n<table>\n<tbody>\n<tr>\n<td>ADD:<\/td>\n<td>225 Nguyen Van Huong St., Dist. 2, HCMC<\/td>\n<\/tr>\n<tr>\n<td>TEL\uff1a<\/td>\n<td>028-3744-4551<\/td>\n<\/tr>\n<tr>\n<td>EMAIL<\/td>\n<td>\n<p style=\"margin: 0px;\">eyic@bisvietnam.com\uff08Early Years and Infant Campus\uff09<\/p>\n<p style=\"margin: 0px;\">jc@bisvietnam.com\uff08Junior Campus\uff09<\/p>\n<p style=\"margin: 0px;\">sc@bisvietnam.com\uff08Secondary Campus\uff09<\/p>\n<\/td>\n<\/tr>\n<tr>\n<td>WEBSITE\uff1a<\/td>\n<td><a href=\"#\" target=\"_blank\" rel=\"noopener\">https:\/\/www.nordangliaeducation.com<\/a><\/td>\n<\/tr>\n<\/tbody>\n<\/table>\n<\/div>\n<\/div>\n<\/div>\n<\/div>\n<p><!-- item_school --><\/p>\n<div class=\"item_school\">\n<h4 class=\"name_school\">SAIGON SOUTH ITERNATIONAL SCHOOL<\/h4>\n<div class=\"textwidget\">\n<p>Tr\u01b0\u1eddng qu\u1ed1c t\u1ebf Ph\u00fa M\u1ef9 H\u01b0ng, Qu\u1eadn 7, TP.HCM.<\/p>\n<div class=\"wrap_item_school_twg\">\n<figure><img loading=\"lazy\" class=\"aligncenter size-full wp-image-31822\" src=\"https:\/\/dragonsaigon.com\/wp-content\/uploads\/2021\/06\/school_ct_img6.jpg\" alt=\"\" width=\"751\" height=\"403\" srcset=\"https:\/\/dragonsaigon.com\/wp-content\/uploads\/2021\/06\/school_ct_img6.jpg 751w, https:\/\/dragonsaigon.com\/wp-content\/uploads\/2021\/06\/school_ct_img6-300x161.jpg 300w\" sizes=\"(max-width: 751px) 100vw, 751px\" \/><\/figure>\n<div class=\"info_school_twg\">\n<table>\n<tbody>\n<tr>\n<td>ADD:<\/td>\n<td>78 Nguyen Duc Canh St., Dist. 7, HCMC<\/td>\n<\/tr>\n<tr>\n<td>TEL\uff1a<\/td>\n<td>028-5413-0901<\/td>\n<\/tr>\n<tr>\n<td>EMAIL\uff1a<\/td>\n<td>info@ssis.edu.vn<\/td>\n<\/tr>\n<tr>\n<td>WEBSITE\uff1a<\/td>\n<td><a href=\"#\" target=\"_blank\" rel=\"noopener\"> https:\/\/www.ssis.edu.vn\/<\/a><\/td>\n<\/tr>\n<\/tbody>\n<\/table>\n<\/div>\n<\/div>\n<\/div>\n<\/div>\n<p><!-- item_school --><\/p>\n<div class=\"item_school\">\n<h4 class=\"name_school\">EUROPEAN INTERNATIONAL SCHOOL<\/h4>\n<div class=\"textwidget\">\n<p>M\u1ed9t tr\u01b0\u1eddng qu\u1ed1c t\u1ebf \u1edf Qu\u1eadn 2, Th\u00e0nh ph\u1ed1 H\u1ed3 Ch\u00ed Minh. Sinh vi\u00ean l\u00e0 ng\u01b0\u1eddi \u0111a qu\u1ed1c gia.<\/p>\n<div class=\"wrap_item_school_twg\">\n<figure><img loading=\"lazy\" class=\"aligncenter size-full wp-image-31823\" src=\"https:\/\/dragonsaigon.com\/wp-content\/uploads\/2021\/06\/school_ct_img7.jpg\" alt=\"\" width=\"751\" height=\"403\" srcset=\"https:\/\/dragonsaigon.com\/wp-content\/uploads\/2021\/06\/school_ct_img7.jpg 751w, https:\/\/dragonsaigon.com\/wp-content\/uploads\/2021\/06\/school_ct_img7-300x161.jpg 300w\" sizes=\"(max-width: 751px) 100vw, 751px\" \/><\/figure>\n<div class=\"info_school_twg\">\n<table>\n<tbody>\n<tr>\n<td>ADD:<\/td>\n<td>730F-G-K Le Van Mien St., Dist. 2, HCMC<\/td>\n<\/tr>\n<tr>\n<td>TEL\uff1a<\/td>\n<td>028-7300-7257<\/td>\n<\/tr>\n<tr>\n<td>EMAIL\uff1a<\/td>\n<td>info@eishcmc.comn<\/td>\n<\/tr>\n<tr>\n<td>WEBSITE\uff1a<\/td>\n<td><a href=\"https:\/\/www.eishcmc.com\/\" target=\"_blank\" rel=\"noopener\"> https:\/\/www.eishcmc.com\/<\/a><\/td>\n<\/tr>\n<\/tbody>\n<\/table>\n<\/div>\n<\/div>\n<\/div>\n<\/div>\n<p><!-- item_school --><\/p>\n<\/div>\n<p><!-- wrap_item_school --><\/p>\n<div class=\"wrap_item_school\">\n<h3>Tr\u01b0\u1eddng Ti\u1ebfng Vi\u1ec7t<\/h3>\n<div class=\"item_school\">\n<h4 class=\"name_school\">SAIGON LANGUAGE SCHOOL<\/h4>\n<div class=\"textwidget\">\n<p>M\u1ed9t tr\u01b0\u1eddng ng\u00f4n ng\u1eef ch\u00ednh th\u1ee9c \u0111\u01b0\u1ee3c c\u1ea5p ph\u00e9p b\u1edfi Ph\u00f2ng Gi\u00e1o d\u1ee5c v\u00e0 \u0110\u00e0o t\u1ea1o H\u1ed3 Ch\u00ed Minh.<br \/>\nT\u1ea5t c\u1ea3 c\u00e1c gi\u00e1o vi\u00ean l\u00e0 gi\u00e1o vi\u00ean chuy\u00ean nghi\u1ec7p \u0111\u00e3 h\u1ecdc ph\u01b0\u01a1ng ph\u00e1p gi\u1ea3ng d\u1ea1y. C\u00f3 l\u1edbp h\u1ecdc nh\u00f3m v\u00e0 l\u1edbp h\u1ecdc ri\u00eang.<\/p>\n<p>Gi\u1edd l\u00e0m vi\u1ec7c t\u1eeb 8h00 \u0111\u1ebfn 21h00. C\u00f3 v\u1ebb nh\u01b0 c\u00f3 nhi\u1ec1u sinh vi\u00ean tham d\u1ef1 sau gi\u1edd l\u00e0m vi\u1ec7c.<br \/>\nC\u00f3 th\u1ec3 xu\u1ea5t h\u00f3a \u0111\u01a1n.<\/p>\n<div class=\"wrap_item_school_twg\">\n<figure><img loading=\"lazy\" class=\"aligncenter size-full wp-image-31824\" src=\"https:\/\/dragonsaigon.com\/wp-content\/uploads\/2021\/06\/school_ct_img8.jpg\" alt=\"\" width=\"751\" height=\"403\" srcset=\"https:\/\/dragonsaigon.com\/wp-content\/uploads\/2021\/06\/school_ct_img8.jpg 751w, https:\/\/dragonsaigon.com\/wp-content\/uploads\/2021\/06\/school_ct_img8-300x161.jpg 300w\" sizes=\"(max-width: 751px) 100vw, 751px\" \/><\/figure>\n<div class=\"info_school_twg\">\n<table>\n<tbody>\n<tr>\n<td>ADD:<\/td>\n<td>2 Truong Dinh, ward Vo thi sau, Dist.3, HCMC<\/td>\n<\/tr>\n<tr>\n<td>TEL\uff1a<\/td>\n<td>028 39330773 \u3000 090.3009.501(Japanese)<\/td>\n<\/tr>\n<tr>\n<td>EMAIL\uff1a<\/td>\n<td>info@saigonlanguage.com<\/td>\n<\/tr>\n<tr>\n<td>WEBSITE\uff1a<\/td>\n<td><a href=\"https:\/\/www.saigonlanguage.com\" target=\"_blank\" rel=\"noopener\"> https:\/\/www.saigonlanguage.com<\/a><\/td>\n<\/tr>\n<\/tbody>\n<\/table>\n<\/div>\n<\/div>\n<\/div>\n<\/div>\n<p><!-- item_school --><\/p>\n<\/div>\n<p><!-- wrap_item_school --><\/p>\n<div class=\"wrap_item_school\">\n<h3>tr\u01b0\u1eddng m\u1eabu gi\u00e1o Nh\u1eadt b\u1ea3n<\/h3>\n<div class=\"item_school\">\n<h4 class=\"name_school\">Mirai Kindergarten<\/h4>\n<div class=\"textwidget\">\n<p>Tr\u01b0\u1eddng m\u1ea7m non Nh\u1eadt B\u1ea3n t\u1ea1i Qu\u1eadn 2, TP.HCM. Ngo\u00e0i ra c\u00f2n c\u00f3 m\u1ed9t chi nh\u00e1nh \u1edf Q.7.&nbsp; S\u1eed d\u1ee5ng rau an to\u00e0n c\u1ee7a n\u00f4ng d\u00e2n h\u1ee3p \u0111\u1ed3ng \u0110\u00e0 L\u1ea1t cho b\u1eefa tr\u01b0a t\u1ea1i tr\u01b0\u1eddng.<\/p>\n<div class=\"wrap_item_school_twg\">\n<figure><img loading=\"lazy\" class=\"aligncenter size-full wp-image-31825\" src=\"https:\/\/dragonsaigon.com\/wp-content\/uploads\/2021\/06\/school_ct_img9.jpg\" alt=\"\" width=\"751\" height=\"403\" srcset=\"https:\/\/dragonsaigon.com\/wp-content\/uploads\/2021\/06\/school_ct_img9.jpg 751w, https:\/\/dragonsaigon.com\/wp-content\/uploads\/2021\/06\/school_ct_img9-300x161.jpg 300w\" sizes=\"(max-width: 751px) 100vw, 751px\" \/><\/figure>\n<div class=\"info_school_twg\">\n<table>\n<tbody>\n<tr>\n<td>ADD:<\/td>\n<td>Dist.2\u3000\u3000No.5A-No.9, Tong Huu Dinh Street, Thao Dien Ward, Dist 2, HCMC<\/p>\n<p>Dist.7\u3000No.81-83-85, Street 27, Tan Quy Dong Residential Area, Tan Phong Ward, District 7, HCMC<\/td>\n<\/tr>\n<tr>\n<td>TEL\uff1a<\/td>\n<td>070-833-1833\uff08Japanese\uff09\u3000\u3000\u3000090-257-6474\uff08Dist.7\uff09<\/td>\n<\/tr>\n<tr>\n<td>EMAIL\uff1a<\/td>\n<td>info@miraiyouchien.com<\/td>\n<\/tr>\n<tr>\n<td>WEBSITE\uff1a<\/td>\n<td><a href=\"http:\/\/miraiyouchien.com\/\" target=\"_blank\" rel=\"noopener\"> http:\/\/miraiyouchien.com\/<\/a><\/td>\n<\/tr>\n<\/tbody>\n<\/table>\n<\/div>\n<\/div>\n<\/div>\n<\/div>\n<p><!-- item_school --><\/p>\n<div class=\"item_school\">\n<h4 class=\"name_school\">Sakura Montessori Children&#8217;s House Ho Chi Minh Garden<\/h4>\n<div class=\"textwidget\">\n<p>Sakura Montessori Children&#8217;s House l\u00e0 m\u1ed9t tr\u01b0\u1eddng m\u1ea7m non t\u1ecda l\u1ea1c t\u1ea1i Qu\u1eadn 2, Th\u00e0nh ph\u1ed1 H\u1ed3 Ch\u00ed Minh.<\/p>\n<p>\u201cMontessori\u201d c\u00f3 ngu\u1ed3n g\u1ed1c t\u1eeb t\u00ean c\u1ee7a ph\u01b0\u01a1ng ph\u00e1p gi\u1ea3ng d\u1ea1y do n\u1eef b\u00e1c s\u0129 ng\u01b0\u1eddi \u00dd \u201cMaria Montessori\u201d ph\u00e1t tri\u1ec3n.<\/p>\n<div class=\"wrap_item_school_twg\">\n<figure><img loading=\"lazy\" class=\"aligncenter size-full wp-image-31826\" src=\"https:\/\/dragonsaigon.com\/wp-content\/uploads\/2021\/06\/school_ct_img10.jpg\" alt=\"\" width=\"751\" height=\"403\" srcset=\"https:\/\/dragonsaigon.com\/wp-content\/uploads\/2021\/06\/school_ct_img10.jpg 751w, https:\/\/dragonsaigon.com\/wp-content\/uploads\/2021\/06\/school_ct_img10-300x161.jpg 300w\" sizes=\"(max-width: 751px) 100vw, 751px\" \/><\/figure>\n<div class=\"info_school_twg\">\n<table>\n<tbody>\n<tr>\n<td>ADD:<\/td>\n<td>251A (253\/512) Luong Dinh Cua, An Phu, District 2, Ho Chi Minh<\/td>\n<\/tr>\n<tr>\n<td>TEL\uff1a<\/td>\n<td>&nbsp;090 2349 804<\/td>\n<\/tr>\n<tr>\n<td>EMAIL\uff1a<\/td>\n<td><a href=\"contact@sakuramontessori-hcm.jp\">contact@sakuramontessori-hcm.jp<\/a><\/td>\n<\/tr>\n<tr>\n<td>WEBSITE\uff1a<\/td>\n<td><a href=\"https:\/\/sakuramontessori.jp\/\" target=\"_blank\" rel=\"noopener\">https:\/\/sakuramontessori.jp<\/a><\/td>\n<\/tr>\n<\/tbody>\n<\/table>\n<\/div>\n<\/div>\n<\/div>\n<\/div>\n<p><!-- item_school --><\/p>\n<div class=\"item_school\">\n<h4 class=\"name_school\">Ozora kindergarten<\/h4>\n<div class=\"textwidget\">\n<p>Tr\u01b0\u1eddng m\u1ea7m non qu\u1eadn 7 TP.HCM. Trong c\u00f4ng vi\u00ean, ch\u00fang t\u00f4i coi tr\u1ecdng vi\u1ec7c &#8220;s\u1eed d\u1ee5ng ti\u1ebfng Nh\u1eadt \u0111\u00fang&#8221; v\u00e0 &#8220;ch\u00e0o h\u1ecfi nh\u1eefng ng\u01b0\u1eddi xung quanh&#8221; \u0111\u1ec3 nu\u00f4i d\u01b0\u1ee1ng b\u1ea3n s\u1eafc c\u1ee7a m\u1ed9t ng\u01b0\u1eddi Nh\u1eadt.<\/p>\n<div class=\"wrap_item_school_twg\">\n<figure><img loading=\"lazy\" class=\"aligncenter size-full wp-image-31827\" src=\"https:\/\/dragonsaigon.com\/wp-content\/uploads\/2021\/06\/school_ct_img11.jpg\" alt=\"\" width=\"751\" height=\"403\" srcset=\"https:\/\/dragonsaigon.com\/wp-content\/uploads\/2021\/06\/school_ct_img11.jpg 751w, https:\/\/dragonsaigon.com\/wp-content\/uploads\/2021\/06\/school_ct_img11-300x161.jpg 300w\" sizes=\"(max-width: 751px) 100vw, 751px\" \/><\/figure>\n<div class=\"info_school_twg\">\n<table>\n<tbody>\n<tr>\n<td>ADD:<\/td>\n<td>No.8-10,20st.,My Gia 1,Phu My Hung,Tan Phu Ward,District 7,HCMC<\/td>\n<\/tr>\n<tr>\n<td>TEL\uff1a<\/td>\n<td>093-8289-645<\/td>\n<\/tr>\n<tr>\n<td>EMAIL\uff1a<\/td>\n<td>bigsky20@ozorahcmc.com\u3000ozora1001kinder@gmail.com<\/td>\n<\/tr>\n<tr>\n<td>WEBSITE\uff1a<\/td>\n<td><a href=\"http:\/\/ozorahcmc.com\/m\" target=\"_blank\" rel=\"noopener\"> http:\/\/ozorahcmc.com\/<\/a><\/td>\n<\/tr>\n<\/tbody>\n<\/table>\n<\/div>\n<\/div>\n<\/div>\n<\/div>\n<p><!-- item_school --><\/p>\n<\/div>\n<p><!-- wrap_item_school --><\/p>\n<div class=\"wrap_item_school\">\n<h3>Cram school<\/h3>\n<div class=\"item_school\">\n<h4 class=\"name_school\">Waseda Academy<\/h4>\n<div class=\"textwidget\">\n<p>H\u1ecdc vi\u1ec7n Waseda c\u00f3 m\u1ea1ng l\u01b0\u1edbi gi\u00e1o d\u1ee5c t\u1ea1i 24 th\u00e0nh ph\u1ed1 \u1edf 11 qu\u1ed1c gia.<\/p>\n<p>Chia s\u1ebb th\u00f4ng tin tuy\u1ec3n sinh v\u1edbi t\u1eebng tr\u01b0\u1eddng tr\u00ean m\u1ea1ng th\u00f4ng tin qu\u1ed1c t\u1ebf. N\u00f3 cho ph\u00e9p h\u01b0\u1edbng d\u1eabn ki\u1ec3m tra t\u01b0\u01a1ng \u1ee9ng v\u1edbi c\u00e1c h\u1ec7 th\u1ed1ng ki\u1ec3m tra \u0111\u1ea7u v\u00e0o kh\u00e1c nhau.<\/p>\n<p>C\u00f3 tr\u01b0\u1eddng h\u1ecdc \u1edf ph\u01b0\u1eddng 7 v\u00e0 ph\u01b0\u1eddng B\u00ccNH TH\u00c0NH (SAIGON PEARL).<\/p>\n<div class=\"wrap_item_school_twg\">\n<figure><img loading=\"lazy\" class=\"aligncenter size-full wp-image-31828\" src=\"https:\/\/dragonsaigon.com\/wp-content\/uploads\/2021\/06\/school_ct_img12.jpg\" alt=\"\" width=\"751\" height=\"403\" srcset=\"https:\/\/dragonsaigon.com\/wp-content\/uploads\/2021\/06\/school_ct_img12.jpg 751w, https:\/\/dragonsaigon.com\/wp-content\/uploads\/2021\/06\/school_ct_img12-300x161.jpg 300w\" sizes=\"(max-width: 751px) 100vw, 751px\" \/><\/figure>\n<div class=\"info_school_twg\">\n<table style=\"width: 821px;\">\n<tbody>\n<tr>\n<td style=\"width: 70.2px;\">ADD:<\/td>\n<td style=\"width: 734.8px;\">Dist.7\u3000Beautiful Saigon 2F., 2 Nguyen Khac Vien St. Tan Phu Ward, District 7, HCMCC<\/p>\n<p>Dist. BINH THANH\u3000PF-02C, Tower Topaz 1, 92 Nguyen Huu Canh St. Ward 22, Binh Thanh Dist., HCMC<\/td>\n<\/tr>\n<tr>\n<td style=\"width: 70.2px;\">TEL\uff1a<\/td>\n<td style=\"width: 734.8px;\">Dist.7\u3000028 5414 1397\u3000\u3000Dist.BINH THANH\u3000028-3535-6100<\/td>\n<\/tr>\n<tr>\n<td style=\"width: 70.2px;\">EMAIL\uff1a<\/td>\n<td style=\"width: 734.8px;\">hcmc@waseaca.com<\/td>\n<\/tr>\n<tr>\n<td style=\"width: 70.2px;\">WEBSITE\uff1a<\/td>\n<td style=\"width: 734.8px;\"><a href=\"https:\/\/waseaca-singapore.com\/hcmc\/index.html\" target=\"_blank\" rel=\"noopener\"> https:\/\/waseaca-singapore.com\/hcmc\/index.html<\/a><\/td>\n<\/tr>\n<\/tbody>\n<\/table>\n<\/div>\n<\/div>\n<\/div>\n<\/div>\n<p><!-- item_school --><\/p>\n<\/div>\n<\/div>\n<\/div>\n<p><\/p>","protected":false},"excerpt":{"rendered":"<p>Tr\u01b0\u1eddng h\u1ecdc \u1edf Th\u00e0nh ph\u1ed1 H\u1ed3 Ch\u00ed Minh Gi\u1edbi thi\u1ec7u c\u00e1c tr\u01b0\u1eddng h\u1ecdc, tr\u01b0\u1eddng m\u1ea7m non, tr\u01b0\u1eddng h\u1ecdc t\u1ea1i TP.HCM. Tr\u01b0\u1eddng h\u1ecdc nh\u1eadt b\u1ea3n Tr\u01b0\u1eddng Nh\u1eadt b\u1ea3n Th\u00e0nh ph\u1ed1 H\u1ed3 Ch\u00ed Minh Tr\u01b0\u1eddng h\u1ecdc d\u00e0nh cho tr\u1ebb em Nh\u1eadt B\u1ea3n t\u1ecda l\u1ea1c t\u1ea1i Qu\u1eadn 7, Th\u00e0nh ph\u1ed1 H\u1ed3 Ch\u00ed Minh. C\u00f3 m\u1ed9t tr\u01b0\u1eddng ti\u1ec3u h\u1ecdc [&hellip;]<\/p>\n","protected":false},"author":1,"featured_media":0,"parent":0,"menu_order":0,"comment_status":"closed","ping_status":"closed","template":"","meta":[],"_links":{"self":[{"href":"https:\/\/dragonsaigon.com\/vi\/wp-json\/wp\/v2\/pages\/31816"}],"collection":[{"href":"https:\/\/dragonsaigon.com\/vi\/wp-json\/wp\/v2\/pages"}],"about":[{"href":"https:\/\/dragonsaigon.com\/vi\/wp-json\/wp\/v2\/types\/page"}],"author":[{"embeddable":true,"href":"https:\/\/dragonsaigon.com\/vi\/wp-json\/wp\/v2\/users\/1"}],"replies":[{"embeddable":true,"href":"https:\/\/dragonsaigon.com\/vi\/wp-json\/wp\/v2\/comments?post=31816"}],"version-history":[{"count":22,"href":"https:\/\/dragonsaigon.com\/vi\/wp-json\/wp\/v2\/pages\/31816\/revisions"}],"predecessor-version":[{"id":40245,"href":"https:\/\/dragonsaigon.com\/vi\/wp-json\/wp\/v2\/pages\/31816\/revisions\/40245"}],"wp:attachment":[{"href":"https:\/\/dragonsaigon.com\/vi\/wp-json\/wp\/v2\/media?parent=31816"}],"curies":[{"name":"wp","href":"https:\/\/api.w.org\/{rel}","templated":true}]}}