{"id":31844,"date":"2021-06-18T04:02:45","date_gmt":"2021-06-18T04:02:45","guid":{"rendered":"https:\/\/dragonsaigon.com\/?page_id=31844"},"modified":"2023-08-23T03:19:33","modified_gmt":"2023-08-23T03:19:33","slug":"%e4%ba%a4%e9%80%9a%e6%89%8b%e6%ae%b5","status":"publish","type":"page","link":"https:\/\/dragonsaigon.com\/vi\/%e4%ba%a4%e9%80%9a%e6%89%8b%e6%ae%b5\/","title":{"rendered":"Ph\u01b0\u01a1ng ti\u1ec7n giao th\u00f4ng"},"content":{"rendered":"<p><\/p>\n<div class=\"background-title\">\n<div class=\"table-content\">\n<div class=\"title_content\">\n<p>&nbsp;<\/p>\n<\/div>\n<\/div>\n<\/div>\n<div class=\"col-sm-12\">\n<div class=\"hd_bds_ver1\">\n<div class=\"wrap_hd_bds_ver1\">\n<h3 class=\"title_following_optional\">Ph\u01b0\u01a1ng ti\u1ec7n giao th\u00f4ng n\u1ed9i th\u00e0nh TP.HCM<\/h3>\n<p class=\"text_title_following\">V\u00ec ng\u01b0\u1eddi Nh\u1eadt d\u1ec5 s\u1eed d\u1ee5ng n\u00ean ch\u00fang t\u00f4i s\u1ebd gi\u1edbi thi\u1ec7u c\u00e1c ph\u01b0\u01a1ng th\u1ee9c di chuy\u1ec3n ch\u00ednh t\u1ea1i H\u1ed3 Ch\u00ed Minh m\u00e0 ch\u00fang t\u00f4i th\u01b0\u1eddng s\u1eed d\u1ee5ng. T\u00ednh \u0111\u1ebfn n\u0103m 2022, kh\u00f4ng c\u00f3 t\u00e0u h\u1ecfa ho\u1eb7c t\u00e0u \u0111i\u1ec7n ng\u1ea7m n\u00e0o \u0111\u1ec3 di chuy\u1ec3n quanh th\u00e0nh ph\u1ed1 \u1edf Th\u00e0nh ph\u1ed1 H\u1ed3 Ch\u00ed Minh.<\/p>\n<div class=\"tg_taxi_transprotation_ft tg_taxi_nd_bds\">\n<h3>TAXI&nbsp;<\/h3>\n<ul>\n<li>\n<figure><img loading=\"lazy\" class=\"aligncenter size-full wp-image-31846\" src=\"https:\/\/dragonsaigon.com\/wp-content\/uploads\/2021\/06\/taxi_img1.png\" alt=\"\" width=\"438\" height=\"239\" srcset=\"https:\/\/dragonsaigon.com\/wp-content\/uploads\/2021\/06\/taxi_img1.png 438w, https:\/\/dragonsaigon.com\/wp-content\/uploads\/2021\/06\/taxi_img1-300x164.png 300w\" sizes=\"(max-width: 438px) 100vw, 438px\" \/><\/figure>\n<p>VINASUN<\/li>\n<li>\n<figure><img loading=\"lazy\" class=\"aligncenter size-full wp-image-31847\" src=\"https:\/\/dragonsaigon.com\/wp-content\/uploads\/2021\/06\/taxi_img2.png\" alt=\"\" width=\"457\" height=\"228\" srcset=\"https:\/\/dragonsaigon.com\/wp-content\/uploads\/2021\/06\/taxi_img2.png 457w, https:\/\/dragonsaigon.com\/wp-content\/uploads\/2021\/06\/taxi_img2-300x150.png 300w\" sizes=\"(max-width: 457px) 100vw, 457px\" \/><\/figure>\n<p>MAI LINH<\/li>\n<\/ul>\n<div class=\"textwidget\">\n<p>TAXI thu\u1eadn ti\u1ec7n cho cu\u1ed9c s\u1ed1ng h\u00e0ng ng\u00e0y v\u00ec TAXI r\u1ebb h\u01a1n Nh\u1eadt B\u1ea3n. Tuy nhi\u00ean, h\u00e3y s\u1eed d\u1ee5ng taxi MAILINH ho\u1eb7c taxi VINASUN. C\u00e1c h\u00e3ng taxi kh\u00e1c th\u01b0\u1eddng g\u1eb7p m\u1ed9t s\u1ed1 r\u1eafc r\u1ed1i. Tuy nhi\u00ean, xin l\u01b0u \u00fd r\u1eb1ng c\u0169ng c\u00f3 nh\u1eefng s\u1ea3n ph\u1ea9m gi\u1ea3 m\u1ea1o gi\u1ed1ng v\u1edbi th\u00f9ng xe v\u00e0 logo c\u1ee7a hai c\u00f4ng ty n\u00e0y. C\u00f3 nhi\u1ec1u t\u00e0i x\u1ebf c\u00f3 th\u00e1i \u0111\u1ed9 kh\u00f4ng t\u1ed1t, ch\u1eb3ng h\u1ea1n nh\u01b0 t\u00e0i x\u1ebf kh\u00f4ng b\u1ea5m \u0111\u1ed3ng h\u1ed3 khi l\u00e1i xe n\u00ean b\u1ea1n c\u1ea7n c\u1ea9n th\u1eadn khi \u0111i xe.<\/p>\n<\/div>\n<\/div>\n<div class=\"tg_taxi_transprotation_ft\">\n<h3>GRAB Taxi &amp; Bike<\/h3>\n<ul>\n<li>\n<figure><img loading=\"lazy\" class=\"aligncenter size-full wp-image-31848\" src=\"https:\/\/dragonsaigon.com\/wp-content\/uploads\/2021\/06\/taxi_img3.png\" alt=\"\" width=\"455\" height=\"160\" srcset=\"https:\/\/dragonsaigon.com\/wp-content\/uploads\/2021\/06\/taxi_img3.png 455w, https:\/\/dragonsaigon.com\/wp-content\/uploads\/2021\/06\/taxi_img3-300x105.png 300w\" sizes=\"(max-width: 455px) 100vw, 455px\" \/><\/figure>\n<\/li>\n<li>\n<figure><img loading=\"lazy\" class=\"aligncenter size-full wp-image-31849\" src=\"https:\/\/dragonsaigon.com\/wp-content\/uploads\/2021\/06\/taxi_img4.png\" alt=\"\" width=\"447\" height=\"161\" srcset=\"https:\/\/dragonsaigon.com\/wp-content\/uploads\/2021\/06\/taxi_img4.png 447w, https:\/\/dragonsaigon.com\/wp-content\/uploads\/2021\/06\/taxi_img4-300x108.png 300w\" sizes=\"(max-width: 447px) 100vw, 447px\" \/><\/figure>\n<\/li>\n<\/ul>\n<div class=\"textwidget\">\n<p>Grab Taxi l\u00e0 d\u1ecbch v\u1ee5 v\u1eadn chuy\u1ec3n m\u00e0 b\u1ea1n c\u00f3 th\u1ec3 s\u1eed d\u1ee5ng b\u1eb1ng c\u00e1ch \u0111\u0103ng k\u00fd \u1ee9ng d\u1ee5ng c\u00f3 t\u00ean &#8220;Grab&#8221;. Grab Taxi s\u1ebd t\u1ef1 \u0111\u1ed9ng hi\u1ec3n th\u1ecb gi\u00e1 v\u00e9 khi b\u1ea1n nh\u1eadp \u0111i\u1ec3m \u0111\u1ebfn. T\u1ea5t c\u1ea3 nh\u1eefng g\u00ec b\u1ea1n ph\u1ea3i l\u00e0m l\u00e0 l\u00ean chi\u1ebfc taxi \u0111\u00e3 \u0111\u1ebfn v\u00e0 tr\u1ea3 ti\u1ec1n v\u00e9 khi \u0111\u1ebfn n\u01a1i! N\u1ebfu b\u1ea1n \u0111\u0103ng k\u00fd th\u1ebb t\u00edn d\u1ee5ng v\u00e0 nh\u1eadp, b\u1ea1n c\u00f3 th\u1ec3 b\u1ecf qua th\u1ee7 t\u1ee5c thanh to\u00e1n.<br \/>\nB\u1ea1n kh\u00f4ng c\u1ea7n ph\u1ea3i n\u00f3i chuy\u1ec7n v\u1edbi t\u00e0i x\u1ebf, &#8220;Anh mu\u1ed1n \u0111i \u0111\u00e2u?&#8221; Ho\u1eb7c &#8220;N\u00f3 gi\u00e1 bao nhi\u00eau?&#8221;<br \/>\nGi\u00e1 v\u00e9 kho\u1ea3ng 2\/3 taxi. Tuy nhi\u00ean, xin l\u01b0u \u00fd r\u1eb1ng n\u00f3 c\u00f3 th\u1ec3 cao h\u01a1n taxi t\u00f9y thu\u1ed9c v\u00e0o t\u00ecnh tr\u1ea1ng t\u1eafc ngh\u1ebdn.<\/p>\n<\/div>\n<\/div>\n<\/div>\n<\/div>\n<\/div>\n<p><\/p>","protected":false},"excerpt":{"rendered":"<p>&nbsp; Ph\u01b0\u01a1ng ti\u1ec7n giao th\u00f4ng n\u1ed9i th\u00e0nh TP.HCM V\u00ec ng\u01b0\u1eddi Nh\u1eadt d\u1ec5 s\u1eed d\u1ee5ng n\u00ean ch\u00fang t\u00f4i s\u1ebd gi\u1edbi thi\u1ec7u c\u00e1c ph\u01b0\u01a1ng th\u1ee9c di chuy\u1ec3n ch\u00ednh t\u1ea1i H\u1ed3 Ch\u00ed Minh m\u00e0 ch\u00fang t\u00f4i th\u01b0\u1eddng s\u1eed d\u1ee5ng. T\u00ednh \u0111\u1ebfn n\u0103m 2022, kh\u00f4ng c\u00f3 t\u00e0u h\u1ecfa ho\u1eb7c t\u00e0u \u0111i\u1ec7n ng\u1ea7m n\u00e0o \u0111\u1ec3 di chuy\u1ec3n quanh th\u00e0nh ph\u1ed1 [&hellip;]<\/p>\n","protected":false},"author":1,"featured_media":0,"parent":0,"menu_order":0,"comment_status":"closed","ping_status":"closed","template":"","meta":[],"_links":{"self":[{"href":"https:\/\/dragonsaigon.com\/vi\/wp-json\/wp\/v2\/pages\/31844"}],"collection":[{"href":"https:\/\/dragonsaigon.com\/vi\/wp-json\/wp\/v2\/pages"}],"about":[{"href":"https:\/\/dragonsaigon.com\/vi\/wp-json\/wp\/v2\/types\/page"}],"author":[{"embeddable":true,"href":"https:\/\/dragonsaigon.com\/vi\/wp-json\/wp\/v2\/users\/1"}],"replies":[{"embeddable":true,"href":"https:\/\/dragonsaigon.com\/vi\/wp-json\/wp\/v2\/comments?post=31844"}],"version-history":[{"count":12,"href":"https:\/\/dragonsaigon.com\/vi\/wp-json\/wp\/v2\/pages\/31844\/revisions"}],"predecessor-version":[{"id":40233,"href":"https:\/\/dragonsaigon.com\/vi\/wp-json\/wp\/v2\/pages\/31844\/revisions\/40233"}],"wp:attachment":[{"href":"https:\/\/dragonsaigon.com\/vi\/wp-json\/wp\/v2\/media?parent=31844"}],"curies":[{"name":"wp","href":"https:\/\/api.w.org\/{rel}","templated":true}]}}